{"id":229,"date":"2025-01-17T18:19:06","date_gmt":"2025-01-17T17:19:06","guid":{"rendered":"https:\/\/laurequevalpsychologue.fr\/?page_id=229"},"modified":"2025-04-16T09:33:20","modified_gmt":"2025-04-16T07:33:20","slug":"domaines-et-approches","status":"publish","type":"page","link":"https:\/\/laurequevalpsychologue.fr\/index.php\/domaines-et-approches\/","title":{"rendered":"Mythes sur la psychoth\u00e9rapie"},"content":{"rendered":"\n<h1 class=\"wp-block-heading\">Mythes sur la psychologie<\/h1>\n\n\n\n<p>En psychologie, il y a eu nombre de vulgarisations pour faciliter la compr\u00e9hension au plus de personnes. Et c\u2019est super ! Cependant, certaines informations v\u00e9hicul\u00e9es par le grand public peuvent s\u2019av\u00e9rer erron\u00e9es. Voyons un peu :&nbsp;\ufeff<\/p>\n\n\n\n<div class=\"wp-block-columns is-layout-flex wp-container-core-columns-is-layout-9d6595d7 wp-block-columns-is-layout-flex\">\n<div class=\"wp-block-column is-layout-flow wp-block-column-is-layout-flow\" style=\"flex-basis:33.33%\">\n<figure class=\"wp-block-image size-full is-resized\"><img loading=\"lazy\" decoding=\"async\" width=\"225\" height=\"225\" src=\"https:\/\/laurequevalpsychologue.fr\/wp-content\/uploads\/2025\/02\/psychologue-tcc-marseille-6.png\" alt=\"\" class=\"wp-image-444\" style=\"width:72px;height:auto\" srcset=\"https:\/\/laurequevalpsychologue.fr\/wp-content\/uploads\/2025\/02\/psychologue-tcc-marseille-6.png 225w, https:\/\/laurequevalpsychologue.fr\/wp-content\/uploads\/2025\/02\/psychologue-tcc-marseille-6-150x150.png 150w\" sizes=\"auto, (max-width: 225px) 100vw, 225px\" \/><\/figure>\n\n\n\n<p><strong>\u201cPour sortir d\u2019une d\u00e9pression, il suffit de passer \u00e0 l\u2019action.\u201d<\/strong><\/p>\n\n\n\n<p><strong><span style=\"color: #ff0000;\">Faux.<\/span><\/strong> La perte d\u2019int\u00e9r\u00eat, d\u2019\u00e9nergie, de plaisir, et de concentration induit par d\u00e9finition une incapacit\u00e9 \u00e0 fonctionner de la m\u00eame mani\u00e8re qu\u2019une personne sans d\u00e9pression. Ces sympt\u00f4mes alt\u00e8rent alors le fonctionnement de la personne au quotidien, dans la vie professionnelle et sociale. De plus, une estime de soi fortement fragilis\u00e9e m\u00e8ne \u00e0 un sentiment de culpabilit\u00e9 et de ruminations. Pour sortir d\u2019une d\u00e9pression, il n\u2019y a pas de recette magique, mais une chose est s\u00fbre : culpabiliser une personne en minimisant ses sympt\u00f4mes n\u2019en fait pas partie. La r\u00e9mission d\u2019une d\u00e9pression est le fruit de plusieurs facteurs, entre autres : un environnement non jugeant et soutenant, un suivi en psychoth\u00e9rapie, un traitement adapt\u00e9 aux besoins de la personne.\u00a0<\/p>\n<\/div>\n\n\n\n<div class=\"wp-block-column is-layout-flow wp-block-column-is-layout-flow\" style=\"flex-basis:33.33%\">\n<figure class=\"wp-block-image size-full is-resized\"><img loading=\"lazy\" decoding=\"async\" width=\"225\" height=\"225\" src=\"https:\/\/laurequevalpsychologue.fr\/wp-content\/uploads\/2025\/02\/psychologue-marseille-tcc-7-1.png\" alt=\"\" class=\"wp-image-447\" style=\"width:88px;height:auto\" srcset=\"https:\/\/laurequevalpsychologue.fr\/wp-content\/uploads\/2025\/02\/psychologue-marseille-tcc-7-1.png 225w, https:\/\/laurequevalpsychologue.fr\/wp-content\/uploads\/2025\/02\/psychologue-marseille-tcc-7-1-150x150.png 150w\" sizes=\"auto, (max-width: 225px) 100vw, 225px\" \/><\/figure>\n\n\n\n<p><strong>\u201cOn va voir un psychologue quand on va mal.\u201d&nbsp;<\/strong><\/p>\n\n\n\n<p><strong><span style=\"color: #008000;\">Vrai, <\/span><\/strong>mais pas que ! Les souffrances psychologiques sont un motif de consultation pour un grand nombre de personnes. Toutefois, il est possible d\u2019aller consulter lorsque l\u2019on se sent bien, pour entretenir sa sant\u00e9 mentale. On peut aussi vouloir am\u00e9liorer notre compr\u00e9hension de nous-m\u00eame et nos interactions sociales avec les autres. Pensez \u00e0 cela : on fait du sport pour pr\u00e9server notre sant\u00e9 physique sans attendre de tomber malade, pourquoi ne pas voir un psychologue sans attendre d\u2019\u00eatre en souffrance ?\u00a0<\/p>\n<\/div>\n\n\n\n<div class=\"wp-block-column is-layout-flow wp-block-column-is-layout-flow\" style=\"flex-basis:33.33%\">\n<figure class=\"wp-block-image size-full is-resized\"><img loading=\"lazy\" decoding=\"async\" width=\"225\" height=\"225\" src=\"https:\/\/laurequevalpsychologue.fr\/wp-content\/uploads\/2025\/02\/pqychologue-tcc-marseille-5-1.png\" alt=\"\" class=\"wp-image-448\" style=\"width:83px;height:auto\" srcset=\"https:\/\/laurequevalpsychologue.fr\/wp-content\/uploads\/2025\/02\/pqychologue-tcc-marseille-5-1.png 225w, https:\/\/laurequevalpsychologue.fr\/wp-content\/uploads\/2025\/02\/pqychologue-tcc-marseille-5-1-150x150.png 150w\" sizes=\"auto, (max-width: 225px) 100vw, 225px\" \/><\/figure>\n\n\n\n<p><strong>\u201cIl faut \u00e9viter d\u2019avoir des \u00e9motions n\u00e9gatives.\u201d<\/strong><\/p>\n\n\n\n<p><strong><span style=\"color: #ff0000;\">Faux!<\/span><\/strong> Les \u00e9motions n\u00e9gatives ne sont pas agr\u00e9ables. Quand on ressent de la peur, de la frustration ou de la d\u00e9tresse, on veut juste que \u00e7a s\u2019arr\u00eate. Or, les \u00e9motions n\u00e9gatives sont essentielles. Initialement, nos \u00e9motions ont \u00e9t\u00e9 d\u00e9velopp\u00e9es pour nous transmettre des messages n\u00e9cessaires \u00e0 notre survie. Ainsi, face \u00e0 un mammouth, gr\u00e2ce \u00e0 la peur activ\u00e9e dans notre amygdale, on peut fuir le danger. La col\u00e8re nous donne de l\u2019\u00e9nergie pour nous mobiliser, et la tristesse facilite notre introspection. Lorsqu\u2019on accepte notre \u00e9motion plut\u00f4t que d\u2019y r\u00e9sister, on peut r\u00e9pondre au besoin derri\u00e8re cette \u00e9motion.\u00a0<\/p>\n<\/div>\n<\/div>\n\n\n\n<p><\/p>\n","protected":false},"excerpt":{"rendered":"<p>Mythes sur la psychologie En psychologie, il y a eu nombre de vulgarisations pour faciliter la compr\u00e9hension au plus de personnes. Et c\u2019est super ! Cependant, certaines informations v\u00e9hicul\u00e9es par le grand public peuvent s\u2019av\u00e9rer erron\u00e9es. Voyons un peu :&nbsp;\ufeff \u201cPour sortir d\u2019une d\u00e9pression, il suffit de passer \u00e0 l\u2019action.\u201d Faux. La perte d\u2019int\u00e9r\u00eat, d\u2019\u00e9nergie,&hellip;&nbsp;<a href=\"https:\/\/laurequevalpsychologue.fr\/index.php\/domaines-et-approches\/\" rel=\"bookmark\">Lire la suite &raquo;<span class=\"screen-reader-text\">Mythes sur la psychoth\u00e9rapie<\/span><\/a><\/p>\n","protected":false},"author":1,"featured_media":0,"parent":0,"menu_order":0,"comment_status":"closed","ping_status":"closed","template":"","meta":{"neve_meta_sidebar":"","neve_meta_container":"","neve_meta_enable_content_width":"","neve_meta_content_width":0,"neve_meta_title_alignment":"","neve_meta_author_avatar":"","neve_post_elements_order":"","neve_meta_disable_header":"","neve_meta_disable_footer":"","neve_meta_disable_title":"","footnotes":""},"class_list":["post-229","page","type-page","status-publish","hentry"],"yoast_head":"<!-- This site is optimized with the Yoast SEO plugin v24.7 - https:\/\/yoast.com\/wordpress\/plugins\/seo\/ -->\n<title>Mythes sur la psychoth\u00e9rapie - Laure Qu\u00e9val Psychologue<\/title>\n<meta name=\"description\" content=\"Quelles sont les id\u00e9es pr\u00e9con\u00e7ues \u00e0 propos de la psychoth\u00e9rapie ? Apprenons ensemble pour am\u00e9liorer notre sant\u00e9 mentale.\" \/>\n<meta name=\"robots\" content=\"index, follow, max-snippet:-1, max-image-preview:large, max-video-preview:-1\" \/>\n<link rel=\"canonical\" href=\"https:\/\/laurequevalpsychologue.fr\/index.php\/domaines-et-approches\/\" \/>\n<meta property=\"og:locale\" content=\"fr_FR\" \/>\n<meta property=\"og:type\" content=\"article\" \/>\n<meta property=\"og:title\" content=\"Mythes sur la psychoth\u00e9rapie - Laure Qu\u00e9val Psychologue\" \/>\n<meta property=\"og:description\" content=\"Quelles sont les id\u00e9es pr\u00e9con\u00e7ues \u00e0 propos de la psychoth\u00e9rapie ? Apprenons ensemble pour am\u00e9liorer notre sant\u00e9 mentale.\" \/>\n<meta property=\"og:url\" content=\"https:\/\/laurequevalpsychologue.fr\/index.php\/domaines-et-approches\/\" \/>\n<meta property=\"og:site_name\" content=\"Laure Qu\u00e9val Psychologue\" \/>\n<meta property=\"article:modified_time\" content=\"2025-04-16T07:33:20+00:00\" \/>\n<meta property=\"og:image\" content=\"https:\/\/laurequevalpsychologue.fr\/wp-content\/uploads\/2025\/02\/psychologue-tcc-marseille-6.png\" \/>\n\t<meta property=\"og:image:width\" content=\"225\" \/>\n\t<meta property=\"og:image:height\" content=\"225\" \/>\n\t<meta property=\"og:image:type\" content=\"image\/png\" \/>\n<meta name=\"twitter:card\" content=\"summary_large_image\" \/>\n<meta name=\"twitter:label1\" content=\"Dur\u00e9e de lecture estim\u00e9e\" \/>\n\t<meta name=\"twitter:data1\" content=\"3 minutes\" \/>\n<script type=\"application\/ld+json\" class=\"yoast-schema-graph\">{\"@context\":\"https:\/\/schema.org\",\"@graph\":[{\"@type\":\"WebPage\",\"@id\":\"https:\/\/laurequevalpsychologue.fr\/index.php\/domaines-et-approches\/\",\"url\":\"https:\/\/laurequevalpsychologue.fr\/index.php\/domaines-et-approches\/\",\"name\":\"Mythes sur la psychoth\u00e9rapie - Laure Qu\u00e9val Psychologue\",\"isPartOf\":{\"@id\":\"https:\/\/laurequevalpsychologue.fr\/#website\"},\"primaryImageOfPage\":{\"@id\":\"https:\/\/laurequevalpsychologue.fr\/index.php\/domaines-et-approches\/#primaryimage\"},\"image\":{\"@id\":\"https:\/\/laurequevalpsychologue.fr\/index.php\/domaines-et-approches\/#primaryimage\"},\"thumbnailUrl\":\"https:\/\/laurequevalpsychologue.fr\/wp-content\/uploads\/2025\/02\/psychologue-tcc-marseille-6.png\",\"datePublished\":\"2025-01-17T17:19:06+00:00\",\"dateModified\":\"2025-04-16T07:33:20+00:00\",\"description\":\"Quelles sont les id\u00e9es pr\u00e9con\u00e7ues \u00e0 propos de la psychoth\u00e9rapie ? Apprenons ensemble pour am\u00e9liorer notre sant\u00e9 mentale.\",\"breadcrumb\":{\"@id\":\"https:\/\/laurequevalpsychologue.fr\/index.php\/domaines-et-approches\/#breadcrumb\"},\"inLanguage\":\"fr-FR\",\"potentialAction\":[{\"@type\":\"ReadAction\",\"target\":[\"https:\/\/laurequevalpsychologue.fr\/index.php\/domaines-et-approches\/\"]}]},{\"@type\":\"ImageObject\",\"inLanguage\":\"fr-FR\",\"@id\":\"https:\/\/laurequevalpsychologue.fr\/index.php\/domaines-et-approches\/#primaryimage\",\"url\":\"https:\/\/laurequevalpsychologue.fr\/wp-content\/uploads\/2025\/02\/psychologue-tcc-marseille-6.png\",\"contentUrl\":\"https:\/\/laurequevalpsychologue.fr\/wp-content\/uploads\/2025\/02\/psychologue-tcc-marseille-6.png\",\"width\":225,\"height\":225,\"caption\":\"psychologue marseille tcc\"},{\"@type\":\"BreadcrumbList\",\"@id\":\"https:\/\/laurequevalpsychologue.fr\/index.php\/domaines-et-approches\/#breadcrumb\",\"itemListElement\":[{\"@type\":\"ListItem\",\"position\":1,\"name\":\"Accueil\",\"item\":\"https:\/\/laurequevalpsychologue.fr\/\"},{\"@type\":\"ListItem\",\"position\":2,\"name\":\"Mythes sur la psychoth\u00e9rapie\"}]},{\"@type\":\"WebSite\",\"@id\":\"https:\/\/laurequevalpsychologue.fr\/#website\",\"url\":\"https:\/\/laurequevalpsychologue.fr\/\",\"name\":\"Laure Qu\u00e9val Psychologue\",\"description\":\"Psychologue clinicienne \u00e0 Marseille\",\"publisher\":{\"@id\":\"https:\/\/laurequevalpsychologue.fr\/#organization\"},\"alternateName\":\"vous aider \u00e0 am\u00e9liorer votre niveau de bien-\u00eatre au quotidien\",\"potentialAction\":[{\"@type\":\"SearchAction\",\"target\":{\"@type\":\"EntryPoint\",\"urlTemplate\":\"https:\/\/laurequevalpsychologue.fr\/?s={search_term_string}\"},\"query-input\":{\"@type\":\"PropertyValueSpecification\",\"valueRequired\":true,\"valueName\":\"search_term_string\"}}],\"inLanguage\":\"fr-FR\"},{\"@type\":\"Organization\",\"@id\":\"https:\/\/laurequevalpsychologue.fr\/#organization\",\"name\":\"Laure Qu\u00e9val Psychologue\",\"url\":\"https:\/\/laurequevalpsychologue.fr\/\",\"logo\":{\"@type\":\"ImageObject\",\"inLanguage\":\"fr-FR\",\"@id\":\"https:\/\/laurequevalpsychologue.fr\/#\/schema\/logo\/image\/\",\"url\":\"https:\/\/laurequevalpsychologue.fr\/wp-content\/uploads\/2025\/02\/cropped-rainbow-svgrepo-com.png\",\"contentUrl\":\"https:\/\/laurequevalpsychologue.fr\/wp-content\/uploads\/2025\/02\/cropped-rainbow-svgrepo-com.png\",\"width\":512,\"height\":512,\"caption\":\"Laure Qu\u00e9val Psychologue\"},\"image\":{\"@id\":\"https:\/\/laurequevalpsychologue.fr\/#\/schema\/logo\/image\/\"},\"sameAs\":[\"https:\/\/www.instagram.com\/psycho_queval\/\",\"https:\/\/www.linkedin.com\/in\/laure-quval-678b461a2\/\"]}]}<\/script>\n<!-- \/ Yoast SEO plugin. -->","yoast_head_json":{"title":"Mythes sur la psychoth\u00e9rapie - Laure Qu\u00e9val Psychologue","description":"Quelles sont les id\u00e9es pr\u00e9con\u00e7ues \u00e0 propos de la psychoth\u00e9rapie ? Apprenons ensemble pour am\u00e9liorer notre sant\u00e9 mentale.","robots":{"index":"index","follow":"follow","max-snippet":"max-snippet:-1","max-image-preview":"max-image-preview:large","max-video-preview":"max-video-preview:-1"},"canonical":"https:\/\/laurequevalpsychologue.fr\/index.php\/domaines-et-approches\/","og_locale":"fr_FR","og_type":"article","og_title":"Mythes sur la psychoth\u00e9rapie - Laure Qu\u00e9val Psychologue","og_description":"Quelles sont les id\u00e9es pr\u00e9con\u00e7ues \u00e0 propos de la psychoth\u00e9rapie ? Apprenons ensemble pour am\u00e9liorer notre sant\u00e9 mentale.","og_url":"https:\/\/laurequevalpsychologue.fr\/index.php\/domaines-et-approches\/","og_site_name":"Laure Qu\u00e9val Psychologue","article_modified_time":"2025-04-16T07:33:20+00:00","og_image":[{"width":225,"height":225,"url":"https:\/\/laurequevalpsychologue.fr\/wp-content\/uploads\/2025\/02\/psychologue-tcc-marseille-6.png","type":"image\/png"}],"twitter_card":"summary_large_image","twitter_misc":{"Dur\u00e9e de lecture estim\u00e9e":"3 minutes"},"schema":{"@context":"https:\/\/schema.org","@graph":[{"@type":"WebPage","@id":"https:\/\/laurequevalpsychologue.fr\/index.php\/domaines-et-approches\/","url":"https:\/\/laurequevalpsychologue.fr\/index.php\/domaines-et-approches\/","name":"Mythes sur la psychoth\u00e9rapie - Laure Qu\u00e9val Psychologue","isPartOf":{"@id":"https:\/\/laurequevalpsychologue.fr\/#website"},"primaryImageOfPage":{"@id":"https:\/\/laurequevalpsychologue.fr\/index.php\/domaines-et-approches\/#primaryimage"},"image":{"@id":"https:\/\/laurequevalpsychologue.fr\/index.php\/domaines-et-approches\/#primaryimage"},"thumbnailUrl":"https:\/\/laurequevalpsychologue.fr\/wp-content\/uploads\/2025\/02\/psychologue-tcc-marseille-6.png","datePublished":"2025-01-17T17:19:06+00:00","dateModified":"2025-04-16T07:33:20+00:00","description":"Quelles sont les id\u00e9es pr\u00e9con\u00e7ues \u00e0 propos de la psychoth\u00e9rapie ? Apprenons ensemble pour am\u00e9liorer notre sant\u00e9 mentale.","breadcrumb":{"@id":"https:\/\/laurequevalpsychologue.fr\/index.php\/domaines-et-approches\/#breadcrumb"},"inLanguage":"fr-FR","potentialAction":[{"@type":"ReadAction","target":["https:\/\/laurequevalpsychologue.fr\/index.php\/domaines-et-approches\/"]}]},{"@type":"ImageObject","inLanguage":"fr-FR","@id":"https:\/\/laurequevalpsychologue.fr\/index.php\/domaines-et-approches\/#primaryimage","url":"https:\/\/laurequevalpsychologue.fr\/wp-content\/uploads\/2025\/02\/psychologue-tcc-marseille-6.png","contentUrl":"https:\/\/laurequevalpsychologue.fr\/wp-content\/uploads\/2025\/02\/psychologue-tcc-marseille-6.png","width":225,"height":225,"caption":"psychologue marseille tcc"},{"@type":"BreadcrumbList","@id":"https:\/\/laurequevalpsychologue.fr\/index.php\/domaines-et-approches\/#breadcrumb","itemListElement":[{"@type":"ListItem","position":1,"name":"Accueil","item":"https:\/\/laurequevalpsychologue.fr\/"},{"@type":"ListItem","position":2,"name":"Mythes sur la psychoth\u00e9rapie"}]},{"@type":"WebSite","@id":"https:\/\/laurequevalpsychologue.fr\/#website","url":"https:\/\/laurequevalpsychologue.fr\/","name":"Laure Qu\u00e9val Psychologue","description":"Psychologue clinicienne \u00e0 Marseille","publisher":{"@id":"https:\/\/laurequevalpsychologue.fr\/#organization"},"alternateName":"vous aider \u00e0 am\u00e9liorer votre niveau de bien-\u00eatre au quotidien","potentialAction":[{"@type":"SearchAction","target":{"@type":"EntryPoint","urlTemplate":"https:\/\/laurequevalpsychologue.fr\/?s={search_term_string}"},"query-input":{"@type":"PropertyValueSpecification","valueRequired":true,"valueName":"search_term_string"}}],"inLanguage":"fr-FR"},{"@type":"Organization","@id":"https:\/\/laurequevalpsychologue.fr\/#organization","name":"Laure Qu\u00e9val Psychologue","url":"https:\/\/laurequevalpsychologue.fr\/","logo":{"@type":"ImageObject","inLanguage":"fr-FR","@id":"https:\/\/laurequevalpsychologue.fr\/#\/schema\/logo\/image\/","url":"https:\/\/laurequevalpsychologue.fr\/wp-content\/uploads\/2025\/02\/cropped-rainbow-svgrepo-com.png","contentUrl":"https:\/\/laurequevalpsychologue.fr\/wp-content\/uploads\/2025\/02\/cropped-rainbow-svgrepo-com.png","width":512,"height":512,"caption":"Laure Qu\u00e9val Psychologue"},"image":{"@id":"https:\/\/laurequevalpsychologue.fr\/#\/schema\/logo\/image\/"},"sameAs":["https:\/\/www.instagram.com\/psycho_queval\/","https:\/\/www.linkedin.com\/in\/laure-quval-678b461a2\/"]}]}},"_links":{"self":[{"href":"https:\/\/laurequevalpsychologue.fr\/index.php\/wp-json\/wp\/v2\/pages\/229","targetHints":{"allow":["GET"]}}],"collection":[{"href":"https:\/\/laurequevalpsychologue.fr\/index.php\/wp-json\/wp\/v2\/pages"}],"about":[{"href":"https:\/\/laurequevalpsychologue.fr\/index.php\/wp-json\/wp\/v2\/types\/page"}],"author":[{"embeddable":true,"href":"https:\/\/laurequevalpsychologue.fr\/index.php\/wp-json\/wp\/v2\/users\/1"}],"replies":[{"embeddable":true,"href":"https:\/\/laurequevalpsychologue.fr\/index.php\/wp-json\/wp\/v2\/comments?post=229"}],"version-history":[{"count":24,"href":"https:\/\/laurequevalpsychologue.fr\/index.php\/wp-json\/wp\/v2\/pages\/229\/revisions"}],"predecessor-version":[{"id":540,"href":"https:\/\/laurequevalpsychologue.fr\/index.php\/wp-json\/wp\/v2\/pages\/229\/revisions\/540"}],"wp:attachment":[{"href":"https:\/\/laurequevalpsychologue.fr\/index.php\/wp-json\/wp\/v2\/media?parent=229"}],"curies":[{"name":"wp","href":"https:\/\/api.w.org\/{rel}","templated":true}]}}