{"id":238,"date":"2025-01-17T18:22:33","date_gmt":"2025-01-17T17:22:33","guid":{"rendered":"https:\/\/laurequevalpsychologue.fr\/?page_id=238"},"modified":"2025-04-16T21:43:17","modified_gmt":"2025-04-16T19:43:17","slug":"domaines-pris-en-charge","status":"publish","type":"page","link":"https:\/\/laurequevalpsychologue.fr\/index.php\/domaines-pris-en-charge\/","title":{"rendered":"Domaines pris-en-charge"},"content":{"rendered":"\n<h1 class=\"wp-block-heading\">Domaines pris en charge<\/h1>\n\n\n\n<div class=\"wp-block-columns is-layout-flex wp-container-core-columns-is-layout-9d6595d7 wp-block-columns-is-layout-flex\">\n<div class=\"wp-block-column is-layout-flow wp-block-column-is-layout-flow\">\n<figure class=\"wp-block-image size-full is-resized\"><img loading=\"lazy\" decoding=\"async\" width=\"256\" height=\"256\" src=\"https:\/\/laurequevalpsychologue.fr\/wp-content\/uploads\/2025\/02\/psychologue-tcc-marseille.webp\" alt=\"\" class=\"wp-image-438\" style=\"width:53px;height:auto\" srcset=\"https:\/\/laurequevalpsychologue.fr\/wp-content\/uploads\/2025\/02\/psychologue-tcc-marseille.webp 256w, https:\/\/laurequevalpsychologue.fr\/wp-content\/uploads\/2025\/02\/psychologue-tcc-marseille-150x150.webp 150w\" sizes=\"auto, (max-width: 256px) 100vw, 256px\" \/><\/figure>\n\n\n\n<p><em><strong>Troubles de l&rsquo;humeur et estime de soi <\/strong><\/em><\/p>\n\n\n\n<ul class=\"wp-block-list\">\n<li><strong>D\u00e9pression<\/strong>, d\u00e9pression post-partum<\/li>\n\n\n\n<li>Stress, <strong>anxi\u00e9t\u00e9<\/strong>, angoisses<\/li>\n\n\n\n<li><strong>Affirmation de soi<\/strong> dans les relations interpersonnelles&nbsp;<\/li>\n\n\n\n<li>Phobies<\/li>\n\n\n\n<li>Troubles du sommeil<\/li>\n\n\n\n<li>Mauvaise <strong>estime de soi<\/strong><\/li>\n\n\n\n<li>Traumatismes&nbsp;<\/li>\n\n\n\n<li>Deuils<\/li>\n<\/ul>\n<\/div>\n\n\n\n<div class=\"wp-block-column is-layout-flow wp-block-column-is-layout-flow\">\n<figure class=\"wp-block-image size-full is-resized\"><img loading=\"lazy\" decoding=\"async\" width=\"225\" height=\"225\" src=\"https:\/\/laurequevalpsychologue.fr\/wp-content\/uploads\/2025\/02\/psychologue-TCC-Marseille-2.png\" alt=\"\" class=\"wp-image-437\" style=\"width:53px;height:auto\" srcset=\"https:\/\/laurequevalpsychologue.fr\/wp-content\/uploads\/2025\/02\/psychologue-TCC-Marseille-2.png 225w, https:\/\/laurequevalpsychologue.fr\/wp-content\/uploads\/2025\/02\/psychologue-TCC-Marseille-2-150x150.png 150w\" sizes=\"auto, (max-width: 225px) 100vw, 225px\" \/><\/figure>\n\n\n\n<p><strong><em>Connaissance de soi <\/em><\/strong><\/p>\n\n\n\n<ul class=\"wp-block-list\">\n<li>Souhait d\u2019entretenir son <strong>bien-\u00eatre<\/strong><\/li>\n\n\n\n<li>Le saviez-vous ? On peut <a href=\"https:\/\/laurequevalpsychologue.fr\/index.php\/domaines-et-approches\/\">consulter un.e psychologue pour&nbsp;entretenir&nbsp;sa sant\u00e9 mentale<\/a>. Au m\u00eame titre que l\u2019on pratique un sport pour entretenir sa sant\u00e9 physique!<\/li>\n\n\n\n<li>Volont\u00e9 d\u2019une meilleure <strong>compr\u00e9hension de soi<\/strong>&nbsp;<\/li>\n<\/ul>\n<\/div>\n\n\n\n<div class=\"wp-block-column is-layout-flow wp-block-column-is-layout-flow\">\n<figure class=\"wp-block-image size-large is-resized\"><img loading=\"lazy\" decoding=\"async\" width=\"1024\" height=\"1024\" src=\"https:\/\/laurequevalpsychologue.fr\/wp-content\/uploads\/2025\/02\/psychologue-tcc-marseille-3-1024x1024.jpg\" alt=\"\" class=\"wp-image-439\" style=\"width:59px;height:auto\" srcset=\"https:\/\/laurequevalpsychologue.fr\/wp-content\/uploads\/2025\/02\/psychologue-tcc-marseille-3-1024x1024.jpg 1024w, https:\/\/laurequevalpsychologue.fr\/wp-content\/uploads\/2025\/02\/psychologue-tcc-marseille-3-300x300.jpg 300w, https:\/\/laurequevalpsychologue.fr\/wp-content\/uploads\/2025\/02\/psychologue-tcc-marseille-3-150x150.jpg 150w, https:\/\/laurequevalpsychologue.fr\/wp-content\/uploads\/2025\/02\/psychologue-tcc-marseille-3-768x768.jpg 768w, https:\/\/laurequevalpsychologue.fr\/wp-content\/uploads\/2025\/02\/psychologue-tcc-marseille-3-1536x1536.jpg 1536w, https:\/\/laurequevalpsychologue.fr\/wp-content\/uploads\/2025\/02\/psychologue-tcc-marseille-3.jpg 1920w\" sizes=\"auto, (max-width: 1024px) 100vw, 1024px\" \/><\/figure>\n\n\n\n<p><strong><em>Fonctionnements typiques et atypiques <\/em><\/strong><\/p>\n\n\n\n<ul class=\"wp-block-list\">\n<li>Fonctionnement <strong>typique<\/strong>&nbsp;<\/li>\n\n\n\n<li>Fonctionnement <strong><a href=\"https:\/\/www.msdmanuals.com\/fr\/accueil\/troubles-mentaux\/pr%C3%A9sentation-des-soins-de-sant%C3%A9-mentale\/traitement-des-maladies-mentales\">atypique<\/a><\/strong> : Troubles du Spectre Autistique, TDA\/H, troubles de l\u2019humeur, troubles du comportement alimentaire, troubles de la personnalit\u00e9 (exemple: trouble de la personnalit\u00e9 borderline)<\/li>\n<\/ul>\n<\/div>\n<\/div>\n\n\n\n<p>&nbsp;<\/p>\n\n\n\n<p><\/p>\n","protected":false},"excerpt":{"rendered":"<p>Domaines pris en charge Troubles de l&rsquo;humeur et estime de soi Connaissance de soi Fonctionnements typiques et atypiques &nbsp;<\/p>\n","protected":false},"author":1,"featured_media":0,"parent":0,"menu_order":0,"comment_status":"closed","ping_status":"closed","template":"","meta":{"neve_meta_sidebar":"","neve_meta_container":"","neve_meta_enable_content_width":"","neve_meta_content_width":0,"neve_meta_title_alignment":"","neve_meta_author_avatar":"","neve_post_elements_order":"","neve_meta_disable_header":"","neve_meta_disable_footer":"","neve_meta_disable_title":"","footnotes":""},"class_list":["post-238","page","type-page","status-publish","hentry"],"yoast_head":"<!-- This site is optimized with the Yoast SEO plugin v24.7 - https:\/\/yoast.com\/wordpress\/plugins\/seo\/ -->\n<title>Domaines pris-en-charge - Laure Qu\u00e9val Psychologue<\/title>\n<meta name=\"description\" content=\"Vous souhaitez vous faire accompagner sur vos troubles anxieux, vos troubles d\u00e9veloppementaux et TCA dans une approche TCC.\" \/>\n<meta name=\"robots\" content=\"index, follow, max-snippet:-1, max-image-preview:large, max-video-preview:-1\" \/>\n<link rel=\"canonical\" href=\"https:\/\/laurequevalpsychologue.fr\/index.php\/domaines-pris-en-charge\/\" \/>\n<meta property=\"og:locale\" content=\"fr_FR\" \/>\n<meta property=\"og:type\" content=\"article\" \/>\n<meta property=\"og:title\" content=\"Domaines pris-en-charge - Laure Qu\u00e9val Psychologue\" \/>\n<meta property=\"og:description\" content=\"Vous souhaitez vous faire accompagner sur vos troubles anxieux, vos troubles d\u00e9veloppementaux et TCA dans une approche TCC.\" \/>\n<meta property=\"og:url\" content=\"https:\/\/laurequevalpsychologue.fr\/index.php\/domaines-pris-en-charge\/\" \/>\n<meta property=\"og:site_name\" content=\"Laure Qu\u00e9val Psychologue\" \/>\n<meta property=\"article:modified_time\" content=\"2025-04-16T19:43:17+00:00\" \/>\n<meta property=\"og:image\" content=\"https:\/\/laurequevalpsychologue.fr\/wp-content\/uploads\/2025\/02\/psychologue-tcc-marseille.webp\" \/>\n\t<meta property=\"og:image:width\" content=\"256\" \/>\n\t<meta property=\"og:image:height\" content=\"256\" \/>\n\t<meta property=\"og:image:type\" content=\"image\/webp\" \/>\n<meta name=\"twitter:card\" content=\"summary_large_image\" \/>\n<meta name=\"twitter:label1\" content=\"Dur\u00e9e de lecture estim\u00e9e\" \/>\n\t<meta name=\"twitter:data1\" content=\"2 minutes\" \/>\n<script type=\"application\/ld+json\" class=\"yoast-schema-graph\">{\"@context\":\"https:\/\/schema.org\",\"@graph\":[{\"@type\":\"WebPage\",\"@id\":\"https:\/\/laurequevalpsychologue.fr\/index.php\/domaines-pris-en-charge\/\",\"url\":\"https:\/\/laurequevalpsychologue.fr\/index.php\/domaines-pris-en-charge\/\",\"name\":\"Domaines pris-en-charge - Laure Qu\u00e9val Psychologue\",\"isPartOf\":{\"@id\":\"https:\/\/laurequevalpsychologue.fr\/#website\"},\"primaryImageOfPage\":{\"@id\":\"https:\/\/laurequevalpsychologue.fr\/index.php\/domaines-pris-en-charge\/#primaryimage\"},\"image\":{\"@id\":\"https:\/\/laurequevalpsychologue.fr\/index.php\/domaines-pris-en-charge\/#primaryimage\"},\"thumbnailUrl\":\"https:\/\/laurequevalpsychologue.fr\/wp-content\/uploads\/2025\/02\/psychologue-tcc-marseille.webp\",\"datePublished\":\"2025-01-17T17:22:33+00:00\",\"dateModified\":\"2025-04-16T19:43:17+00:00\",\"description\":\"Vous souhaitez vous faire accompagner sur vos troubles anxieux, vos troubles d\u00e9veloppementaux et TCA dans une approche TCC.\",\"breadcrumb\":{\"@id\":\"https:\/\/laurequevalpsychologue.fr\/index.php\/domaines-pris-en-charge\/#breadcrumb\"},\"inLanguage\":\"fr-FR\",\"potentialAction\":[{\"@type\":\"ReadAction\",\"target\":[\"https:\/\/laurequevalpsychologue.fr\/index.php\/domaines-pris-en-charge\/\"]}]},{\"@type\":\"ImageObject\",\"inLanguage\":\"fr-FR\",\"@id\":\"https:\/\/laurequevalpsychologue.fr\/index.php\/domaines-pris-en-charge\/#primaryimage\",\"url\":\"https:\/\/laurequevalpsychologue.fr\/wp-content\/uploads\/2025\/02\/psychologue-tcc-marseille.webp\",\"contentUrl\":\"https:\/\/laurequevalpsychologue.fr\/wp-content\/uploads\/2025\/02\/psychologue-tcc-marseille.webp\",\"width\":256,\"height\":256,\"caption\":\"psychologue marseille tcc\"},{\"@type\":\"BreadcrumbList\",\"@id\":\"https:\/\/laurequevalpsychologue.fr\/index.php\/domaines-pris-en-charge\/#breadcrumb\",\"itemListElement\":[{\"@type\":\"ListItem\",\"position\":1,\"name\":\"Accueil\",\"item\":\"https:\/\/laurequevalpsychologue.fr\/\"},{\"@type\":\"ListItem\",\"position\":2,\"name\":\"Domaines pris-en-charge\"}]},{\"@type\":\"WebSite\",\"@id\":\"https:\/\/laurequevalpsychologue.fr\/#website\",\"url\":\"https:\/\/laurequevalpsychologue.fr\/\",\"name\":\"Laure Qu\u00e9val Psychologue\",\"description\":\"Psychologue clinicienne \u00e0 Marseille\",\"publisher\":{\"@id\":\"https:\/\/laurequevalpsychologue.fr\/#organization\"},\"alternateName\":\"vous aider \u00e0 am\u00e9liorer votre niveau de bien-\u00eatre au quotidien\",\"potentialAction\":[{\"@type\":\"SearchAction\",\"target\":{\"@type\":\"EntryPoint\",\"urlTemplate\":\"https:\/\/laurequevalpsychologue.fr\/?s={search_term_string}\"},\"query-input\":{\"@type\":\"PropertyValueSpecification\",\"valueRequired\":true,\"valueName\":\"search_term_string\"}}],\"inLanguage\":\"fr-FR\"},{\"@type\":\"Organization\",\"@id\":\"https:\/\/laurequevalpsychologue.fr\/#organization\",\"name\":\"Laure Qu\u00e9val Psychologue\",\"url\":\"https:\/\/laurequevalpsychologue.fr\/\",\"logo\":{\"@type\":\"ImageObject\",\"inLanguage\":\"fr-FR\",\"@id\":\"https:\/\/laurequevalpsychologue.fr\/#\/schema\/logo\/image\/\",\"url\":\"https:\/\/laurequevalpsychologue.fr\/wp-content\/uploads\/2025\/02\/cropped-rainbow-svgrepo-com.png\",\"contentUrl\":\"https:\/\/laurequevalpsychologue.fr\/wp-content\/uploads\/2025\/02\/cropped-rainbow-svgrepo-com.png\",\"width\":512,\"height\":512,\"caption\":\"Laure Qu\u00e9val Psychologue\"},\"image\":{\"@id\":\"https:\/\/laurequevalpsychologue.fr\/#\/schema\/logo\/image\/\"},\"sameAs\":[\"https:\/\/www.instagram.com\/psycho_queval\/\",\"https:\/\/www.linkedin.com\/in\/laure-quval-678b461a2\/\"]}]}<\/script>\n<!-- \/ Yoast SEO plugin. -->","yoast_head_json":{"title":"Domaines pris-en-charge - Laure Qu\u00e9val Psychologue","description":"Vous souhaitez vous faire accompagner sur vos troubles anxieux, vos troubles d\u00e9veloppementaux et TCA dans une approche TCC.","robots":{"index":"index","follow":"follow","max-snippet":"max-snippet:-1","max-image-preview":"max-image-preview:large","max-video-preview":"max-video-preview:-1"},"canonical":"https:\/\/laurequevalpsychologue.fr\/index.php\/domaines-pris-en-charge\/","og_locale":"fr_FR","og_type":"article","og_title":"Domaines pris-en-charge - Laure Qu\u00e9val Psychologue","og_description":"Vous souhaitez vous faire accompagner sur vos troubles anxieux, vos troubles d\u00e9veloppementaux et TCA dans une approche TCC.","og_url":"https:\/\/laurequevalpsychologue.fr\/index.php\/domaines-pris-en-charge\/","og_site_name":"Laure Qu\u00e9val Psychologue","article_modified_time":"2025-04-16T19:43:17+00:00","og_image":[{"width":256,"height":256,"url":"https:\/\/laurequevalpsychologue.fr\/wp-content\/uploads\/2025\/02\/psychologue-tcc-marseille.webp","type":"image\/webp"}],"twitter_card":"summary_large_image","twitter_misc":{"Dur\u00e9e de lecture estim\u00e9e":"2 minutes"},"schema":{"@context":"https:\/\/schema.org","@graph":[{"@type":"WebPage","@id":"https:\/\/laurequevalpsychologue.fr\/index.php\/domaines-pris-en-charge\/","url":"https:\/\/laurequevalpsychologue.fr\/index.php\/domaines-pris-en-charge\/","name":"Domaines pris-en-charge - Laure Qu\u00e9val Psychologue","isPartOf":{"@id":"https:\/\/laurequevalpsychologue.fr\/#website"},"primaryImageOfPage":{"@id":"https:\/\/laurequevalpsychologue.fr\/index.php\/domaines-pris-en-charge\/#primaryimage"},"image":{"@id":"https:\/\/laurequevalpsychologue.fr\/index.php\/domaines-pris-en-charge\/#primaryimage"},"thumbnailUrl":"https:\/\/laurequevalpsychologue.fr\/wp-content\/uploads\/2025\/02\/psychologue-tcc-marseille.webp","datePublished":"2025-01-17T17:22:33+00:00","dateModified":"2025-04-16T19:43:17+00:00","description":"Vous souhaitez vous faire accompagner sur vos troubles anxieux, vos troubles d\u00e9veloppementaux et TCA dans une approche TCC.","breadcrumb":{"@id":"https:\/\/laurequevalpsychologue.fr\/index.php\/domaines-pris-en-charge\/#breadcrumb"},"inLanguage":"fr-FR","potentialAction":[{"@type":"ReadAction","target":["https:\/\/laurequevalpsychologue.fr\/index.php\/domaines-pris-en-charge\/"]}]},{"@type":"ImageObject","inLanguage":"fr-FR","@id":"https:\/\/laurequevalpsychologue.fr\/index.php\/domaines-pris-en-charge\/#primaryimage","url":"https:\/\/laurequevalpsychologue.fr\/wp-content\/uploads\/2025\/02\/psychologue-tcc-marseille.webp","contentUrl":"https:\/\/laurequevalpsychologue.fr\/wp-content\/uploads\/2025\/02\/psychologue-tcc-marseille.webp","width":256,"height":256,"caption":"psychologue marseille tcc"},{"@type":"BreadcrumbList","@id":"https:\/\/laurequevalpsychologue.fr\/index.php\/domaines-pris-en-charge\/#breadcrumb","itemListElement":[{"@type":"ListItem","position":1,"name":"Accueil","item":"https:\/\/laurequevalpsychologue.fr\/"},{"@type":"ListItem","position":2,"name":"Domaines pris-en-charge"}]},{"@type":"WebSite","@id":"https:\/\/laurequevalpsychologue.fr\/#website","url":"https:\/\/laurequevalpsychologue.fr\/","name":"Laure Qu\u00e9val Psychologue","description":"Psychologue clinicienne \u00e0 Marseille","publisher":{"@id":"https:\/\/laurequevalpsychologue.fr\/#organization"},"alternateName":"vous aider \u00e0 am\u00e9liorer votre niveau de bien-\u00eatre au quotidien","potentialAction":[{"@type":"SearchAction","target":{"@type":"EntryPoint","urlTemplate":"https:\/\/laurequevalpsychologue.fr\/?s={search_term_string}"},"query-input":{"@type":"PropertyValueSpecification","valueRequired":true,"valueName":"search_term_string"}}],"inLanguage":"fr-FR"},{"@type":"Organization","@id":"https:\/\/laurequevalpsychologue.fr\/#organization","name":"Laure Qu\u00e9val Psychologue","url":"https:\/\/laurequevalpsychologue.fr\/","logo":{"@type":"ImageObject","inLanguage":"fr-FR","@id":"https:\/\/laurequevalpsychologue.fr\/#\/schema\/logo\/image\/","url":"https:\/\/laurequevalpsychologue.fr\/wp-content\/uploads\/2025\/02\/cropped-rainbow-svgrepo-com.png","contentUrl":"https:\/\/laurequevalpsychologue.fr\/wp-content\/uploads\/2025\/02\/cropped-rainbow-svgrepo-com.png","width":512,"height":512,"caption":"Laure Qu\u00e9val Psychologue"},"image":{"@id":"https:\/\/laurequevalpsychologue.fr\/#\/schema\/logo\/image\/"},"sameAs":["https:\/\/www.instagram.com\/psycho_queval\/","https:\/\/www.linkedin.com\/in\/laure-quval-678b461a2\/"]}]}},"_links":{"self":[{"href":"https:\/\/laurequevalpsychologue.fr\/index.php\/wp-json\/wp\/v2\/pages\/238","targetHints":{"allow":["GET"]}}],"collection":[{"href":"https:\/\/laurequevalpsychologue.fr\/index.php\/wp-json\/wp\/v2\/pages"}],"about":[{"href":"https:\/\/laurequevalpsychologue.fr\/index.php\/wp-json\/wp\/v2\/types\/page"}],"author":[{"embeddable":true,"href":"https:\/\/laurequevalpsychologue.fr\/index.php\/wp-json\/wp\/v2\/users\/1"}],"replies":[{"embeddable":true,"href":"https:\/\/laurequevalpsychologue.fr\/index.php\/wp-json\/wp\/v2\/comments?post=238"}],"version-history":[{"count":17,"href":"https:\/\/laurequevalpsychologue.fr\/index.php\/wp-json\/wp\/v2\/pages\/238\/revisions"}],"predecessor-version":[{"id":542,"href":"https:\/\/laurequevalpsychologue.fr\/index.php\/wp-json\/wp\/v2\/pages\/238\/revisions\/542"}],"wp:attachment":[{"href":"https:\/\/laurequevalpsychologue.fr\/index.php\/wp-json\/wp\/v2\/media?parent=238"}],"curies":[{"name":"wp","href":"https:\/\/api.w.org\/{rel}","templated":true}]}}