{"id":239,"date":"2025-01-17T18:22:33","date_gmt":"2025-01-17T17:22:33","guid":{"rendered":"https:\/\/laurequevalpsychologue.fr\/?page_id=239"},"modified":"2025-04-16T21:49:56","modified_gmt":"2025-04-16T19:49:56","slug":"approches-therapeutiques","status":"publish","type":"page","link":"https:\/\/laurequevalpsychologue.fr\/index.php\/approches-therapeutiques\/","title":{"rendered":"Approches th\u00e9rapeutiques"},"content":{"rendered":"\n<h1 class=\"wp-block-heading\">Approches th\u00e9rapeutiques<\/h1>\n\n\n\n<p>Il existe plusieurs courants en psychoth\u00e9rapie qui guident l&rsquo;accompagnement d&rsquo;un.e psychologue et son.sa patient.e. Cela nous permet d&rsquo;avoir des mod\u00e8les th\u00e9oriques et des outils qui s&rsquo;accordent \u00e0 notre vision d&rsquo;une <strong>th\u00e9rapie efficace<\/strong>. Voici les approches que je pr\u00e9conise en th\u00e9rapie :<\/p>\n\n\n\n<div class=\"wp-block-columns is-layout-flex wp-container-core-columns-is-layout-9d6595d7 wp-block-columns-is-layout-flex\">\n<div class=\"wp-block-column is-layout-flow wp-block-column-is-layout-flow\" style=\"flex-basis:20%\">\n<figure class=\"wp-block-image size-full\"><img loading=\"lazy\" decoding=\"async\" width=\"72\" height=\"73\" src=\"https:\/\/laurequevalpsychologue.fr\/wp-content\/uploads\/2025\/02\/schema.png\" alt=\"\" class=\"wp-image-411\"\/><\/figure>\n\n\n\n<h2 class=\"wp-block-heading\">Th\u00e9rapie des sch\u00e9mas <\/h2>\n\n\n\n<p><!-- <p><strong>Th\u00e9rapie des sch\u00e9mas <\/strong><\/p> --><\/p>\n\n\n\n<p>La th\u00e9rapie des sch\u00e9mas s\u2019inspire de l\u2019approche cognitive et comportementale.<\/p>\n\n\n\n<p>Selon Young, les sch\u00e9mas pr\u00e9coces inadapt\u00e9s repr\u00e9sentent des mod\u00e8les ou des th\u00e8mes importants et envahissants pour l\u2019individu. Ils sont constitu\u00e9s de souvenirs, d\u2019\u00e9motions, de pens\u00e9es et de sensations corporelles. Ils concernent la personne et ses relations avec les autres. Ils se sont d\u00e9velopp\u00e9s au cours de l\u2019enfance ou de l\u2019adolescence. Ils se sont enrichis et complexifi\u00e9s tout au long de la vie.&nbsp;&nbsp;<\/p>\n\n\n\n<details class=\"wp-block-details is-layout-flow wp-block-details-is-layout-flow\"><summary>Pour en savoir plus<\/summary>\n<p>Cinq grands domaines de fonctionnement sont explor\u00e9s : s\u00e9paration et rejet, manque d\u2019autonomie et de performance, manque de limites, orientation vers les autres, sur-vigilance et inhibition.<\/p>\n\n\n\n<p>Les strat\u00e9gies individuelles d\u2019adaptation vont entra\u00eener un style relationnel particulier, pour tenter de r\u00e9soudre les probl\u00e8mes qu\u2019il pose.&nbsp;<\/p>\n\n\n\n<p>La th\u00e9rapie des sch\u00e9mas consiste \u00e0 travailler les \u00e9motions, l\u2019histoire de vie et les comportements de la personne pour r\u00e9ancrer la personne dans des sch\u00e9mas alternatifs fonctionnels.&nbsp;<\/p>\n\n\n\n<p>Young, J., Klosko, J., Weishaar, M., Traduction de Pascal, B. (2017). La th\u00e9rapie des sch\u00e9mas Approche cognitive des troubles de la personnalit\u00e9.&nbsp;&nbsp;<\/p>\n<\/details>\n<\/div>\n\n\n\n<div class=\"wp-block-column is-layout-flow wp-block-column-is-layout-flow\" style=\"flex-basis:20%\">\n<figure class=\"wp-block-image size-full\"><img loading=\"lazy\" decoding=\"async\" width=\"66\" height=\"67\" src=\"https:\/\/laurequevalpsychologue.fr\/wp-content\/uploads\/2025\/02\/cerveau.png\" alt=\"\" class=\"wp-image-408\"\/><\/figure>\n\n\n\n<h2 class=\"wp-block-heading\">Th\u00e9rapie cognitivo-comportementale (TCC) <\/h2>\n\n\n\n<p><!-- <p><strong>Th\u00e9rapie cognitivo-comportementale (TCC) <\/strong><\/p> --><\/p>\n\n\n\n<p>Les th\u00e9rapies comportementales et cognitives sont une branche de la psychoth\u00e9rapie destin\u00e9e \u00e0 aider les personnes \u00e0 surmonter leurs probl\u00e8mes \u00e9motionnels. Dans cette approche, nous constatons l\u2019interd\u00e9pendance des \u00e9motions, des comportements et des pens\u00e9es.&nbsp;<\/p>\n\n\n\n<details class=\"wp-block-details is-layout-flow wp-block-details-is-layout-flow\"><summary>Pour en savoir plus<\/summary>\n<p>Les comportements : Apr\u00e8s avoir \u00e9valu\u00e9 comment vous agissez, quelles sont vos tentatives de r\u00e9solution de probl\u00e8mes, quels sont les comportements de fuite ou d\u2019\u00e9vitement mis en place, je vous propose une activation comportementale. Il s\u2019agit de s\u2019exposer \u00e0 la situation avec un comportement alternatif \u00e0 celui habituellement adopt\u00e9, afin d\u2019am\u00e9liorer les pens\u00e9es et \u00e9motions.&nbsp;<\/p>\n\n\n\n<p>Les pens\u00e9es : Certaines pens\u00e9es m\u00e8nent \u00e0 des sch\u00e9mas cognitifs dysfonctionnels (par exemple : \u201csi je dis oui, je serais accept\u00e9.e\u201d). La restructuration cognitive consiste \u00e0 trouver des pens\u00e9es alternatives, qui auront un b\u00e9n\u00e9fice sur les \u00e9motions et les comportements (par exemple : \u201cje peux m\u2019affirmer et dire non sans perdre mes proches\u201d).&nbsp;<\/p>\n\n\n\n<p>Nous allons ainsi agir sur les comportements et les pens\u00e9es pour am\u00e9liorer l\u2019exp\u00e9rience \u00e9motionnelle.&nbsp;<\/p>\n\n\n\n<p>Willson, R., Branch, R. (2004). Les th\u00e9rapies cognitives et comportementales pour les nuls.&nbsp;<\/p>\n<\/details>\n\n\n\n<p><\/p>\n<\/div>\n\n\n\n<div class=\"wp-block-column is-layout-flow wp-block-column-is-layout-flow\" style=\"flex-basis:20%\">\n<figure class=\"wp-block-image size-full\"><img loading=\"lazy\" decoding=\"async\" width=\"67\" height=\"67\" src=\"https:\/\/laurequevalpsychologue.fr\/wp-content\/uploads\/2025\/02\/global.png\" alt=\"\" class=\"wp-image-409\"\/><\/figure>\n\n\n\n<h2 class=\"wp-block-heading\">Th\u00e9rapie int\u00e9grative <\/h2>\n\n\n\n<p><!-- <p><strong>Th\u00e9rapie int\u00e9grative <\/strong><\/p> --><\/p>\n\n\n\n<p>La th\u00e9rapie int\u00e9grative d\u00e9signe l\u2019assemblage de divers \u00e9l\u00e9ments, qu\u2019ils soient th\u00e9oriques ou pratiques, le but \u00e9tant d\u2019apporter un accompagnement efficace et pragmatique pour la personne.<\/p>\n\n\n\n<details class=\"wp-block-details is-layout-flow wp-block-details-is-layout-flow\"><summary>Pour en savoir plus<\/summary>\n<p>Concr\u00e8tement, il s\u2019agit de combiner plusieurs approches th\u00e9oriques ou pratiques dans le champ de la psychologie. Les limites de chaque approche sont alors compens\u00e9es par l\u2019apport d\u2019autres outils et techniques.\u00a0<br>L\u2019approche int\u00e9grative n\u2019est pas une addition de pratiques sans fondement, il s\u2019agit de personnaliser au mieux l\u2019accompagnement selon la personne et ses besoins.\u00a0<br><\/p>\n\n\n\n<p>Bachelart, M. (2017) . L\u2019approche int\u00e9grative en psychoth\u00e9rapie Entre tentative de d\u00e9radicalisation des th\u00e9rapeutes et invitation \u00e0 la rencontre. <em>Psychoth\u00e9rapies, <\/em>Vol. 37(3), 171-181.\u00a0\u00a0<\/p>\n<\/details>\n\n\n\n<p><\/p>\n<\/div>\n\n\n\n<div class=\"wp-block-column is-layout-flow wp-block-column-is-layout-flow\" style=\"flex-basis:20%\">\n<figure class=\"wp-block-image size-full\"><img loading=\"lazy\" decoding=\"async\" width=\"67\" height=\"67\" src=\"https:\/\/laurequevalpsychologue.fr\/wp-content\/uploads\/2025\/02\/livres.png\" alt=\"\" class=\"wp-image-410\"\/><\/figure>\n\n\n\n<h2 class=\"wp-block-heading\">Biblioth\u00e9rapie <\/h2>\n\n\n\n<p><!-- <p><strong>Biblioth\u00e9rapie <\/strong><\/p> --><\/p>\n\n\n\n<p>La biblioth\u00e9rapie d\u00e9signe \u00ab\u2009l\u2019utilisation d\u2019un ensemble de lectures s\u00e9lectionn\u00e9es en tant qu\u2019outils th\u00e9rapeutiques en m\u00e9decine et en psychiatrie, et un moyen pour r\u00e9soudre des probl\u00e8mes personnels par l\u2019interm\u00e9diaire d\u2019une lecture dirig\u00e9e\u2009\u00bb (Ouaknin, 1994).&nbsp;<\/p>\n\n\n\n<details class=\"wp-block-details is-layout-flow wp-block-details-is-layout-flow\"><summary>Pour en savoir plus<\/summary>\n<p>L\u2019int\u00e9r\u00eat de la biblioth\u00e9rapie r\u00e9side dans le sentiment d\u2019efficacit\u00e9 personnelle qui est donn\u00e9e \u00e0 la personne. Celle-ci, active dans son d\u00e9veloppement psychologique, est experte de sa propre histoire, et des connaissances qu\u2019elle acquiert au fil des lectures.&nbsp;<\/p>\n\n\n\n<p>Ouaknin, M. (2016). Biblioth\u00e9rapie. Lire, c&rsquo;est gu\u00e9rir.<\/p>\n<\/details>\n\n\n\n<p><br><\/p>\n<\/div>\n<\/div>\n\n\n\n<p><\/p>\n\n\n\n<p><\/p>\n\n\n\n<p><\/p>\n\n\n\n<p><\/p>\n\n\n\n<p><\/p>\n\n\n\n<p><\/p>\n\n\n\n<p><\/p>\n\n\n\n<p><\/p>\n\n\n\n<p><\/p>\n","protected":false},"excerpt":{"rendered":"<p>Approches th\u00e9rapeutiques Il existe plusieurs courants en psychoth\u00e9rapie qui guident l&rsquo;accompagnement d&rsquo;un.e psychologue et son.sa patient.e. Cela nous permet d&rsquo;avoir des mod\u00e8les th\u00e9oriques et des outils qui s&rsquo;accordent \u00e0 notre vision d&rsquo;une th\u00e9rapie efficace. Voici les approches que je pr\u00e9conise en th\u00e9rapie : Th\u00e9rapie des sch\u00e9mas La th\u00e9rapie des sch\u00e9mas s\u2019inspire de l\u2019approche cognitive et&hellip;&nbsp;<a href=\"https:\/\/laurequevalpsychologue.fr\/index.php\/approches-therapeutiques\/\" rel=\"bookmark\">Lire la suite &raquo;<span class=\"screen-reader-text\">Approches th\u00e9rapeutiques<\/span><\/a><\/p>\n","protected":false},"author":1,"featured_media":0,"parent":0,"menu_order":0,"comment_status":"closed","ping_status":"closed","template":"","meta":{"neve_meta_sidebar":"","neve_meta_container":"","neve_meta_enable_content_width":"","neve_meta_content_width":0,"neve_meta_title_alignment":"","neve_meta_author_avatar":"","neve_post_elements_order":"","neve_meta_disable_header":"","neve_meta_disable_footer":"","neve_meta_disable_title":"","footnotes":""},"class_list":["post-239","page","type-page","status-publish","hentry"],"yoast_head":"<!-- This site is optimized with the Yoast SEO plugin v24.7 - https:\/\/yoast.com\/wordpress\/plugins\/seo\/ -->\n<title>Approches th\u00e9rapeutiques - Laure Qu\u00e9val Psychologue<\/title>\n<meta name=\"description\" content=\"Am\u00e9liorez votre niveau de bien-\u00eatre au quotidien. Faites vous aider cr\u00e9er un projet concret qui vous recentre sur les pens\u00e9es positives\" \/>\n<meta name=\"robots\" content=\"index, follow, max-snippet:-1, max-image-preview:large, max-video-preview:-1\" \/>\n<link rel=\"canonical\" href=\"https:\/\/laurequevalpsychologue.fr\/index.php\/approches-therapeutiques\/\" \/>\n<meta property=\"og:locale\" content=\"fr_FR\" \/>\n<meta property=\"og:type\" content=\"article\" \/>\n<meta property=\"og:title\" content=\"Approches th\u00e9rapeutiques - Laure Qu\u00e9val Psychologue\" \/>\n<meta property=\"og:description\" content=\"Am\u00e9liorez votre niveau de bien-\u00eatre au quotidien. Faites vous aider cr\u00e9er un projet concret qui vous recentre sur les pens\u00e9es positives\" \/>\n<meta property=\"og:url\" content=\"https:\/\/laurequevalpsychologue.fr\/index.php\/approches-therapeutiques\/\" \/>\n<meta property=\"og:site_name\" content=\"Laure Qu\u00e9val Psychologue\" \/>\n<meta property=\"article:modified_time\" content=\"2025-04-16T19:49:56+00:00\" \/>\n<meta property=\"og:image\" content=\"http:\/\/laurequevalpsychologue.fr\/wp-content\/uploads\/2025\/02\/schema.png\" \/>\n<meta name=\"twitter:card\" content=\"summary_large_image\" \/>\n<meta name=\"twitter:label1\" content=\"Dur\u00e9e de lecture estim\u00e9e\" \/>\n\t<meta name=\"twitter:data1\" content=\"4 minutes\" \/>\n<script type=\"application\/ld+json\" class=\"yoast-schema-graph\">{\"@context\":\"https:\/\/schema.org\",\"@graph\":[{\"@type\":\"WebPage\",\"@id\":\"https:\/\/laurequevalpsychologue.fr\/index.php\/approches-therapeutiques\/\",\"url\":\"https:\/\/laurequevalpsychologue.fr\/index.php\/approches-therapeutiques\/\",\"name\":\"Approches th\u00e9rapeutiques - Laure Qu\u00e9val Psychologue\",\"isPartOf\":{\"@id\":\"https:\/\/laurequevalpsychologue.fr\/#website\"},\"primaryImageOfPage\":{\"@id\":\"https:\/\/laurequevalpsychologue.fr\/index.php\/approches-therapeutiques\/#primaryimage\"},\"image\":{\"@id\":\"https:\/\/laurequevalpsychologue.fr\/index.php\/approches-therapeutiques\/#primaryimage\"},\"thumbnailUrl\":\"http:\/\/laurequevalpsychologue.fr\/wp-content\/uploads\/2025\/02\/schema.png\",\"datePublished\":\"2025-01-17T17:22:33+00:00\",\"dateModified\":\"2025-04-16T19:49:56+00:00\",\"description\":\"Am\u00e9liorez votre niveau de bien-\u00eatre au quotidien. Faites vous aider cr\u00e9er un projet concret qui vous recentre sur les pens\u00e9es positives\",\"breadcrumb\":{\"@id\":\"https:\/\/laurequevalpsychologue.fr\/index.php\/approches-therapeutiques\/#breadcrumb\"},\"inLanguage\":\"fr-FR\",\"potentialAction\":[{\"@type\":\"ReadAction\",\"target\":[\"https:\/\/laurequevalpsychologue.fr\/index.php\/approches-therapeutiques\/\"]}]},{\"@type\":\"ImageObject\",\"inLanguage\":\"fr-FR\",\"@id\":\"https:\/\/laurequevalpsychologue.fr\/index.php\/approches-therapeutiques\/#primaryimage\",\"url\":\"http:\/\/laurequevalpsychologue.fr\/wp-content\/uploads\/2025\/02\/schema.png\",\"contentUrl\":\"http:\/\/laurequevalpsychologue.fr\/wp-content\/uploads\/2025\/02\/schema.png\"},{\"@type\":\"BreadcrumbList\",\"@id\":\"https:\/\/laurequevalpsychologue.fr\/index.php\/approches-therapeutiques\/#breadcrumb\",\"itemListElement\":[{\"@type\":\"ListItem\",\"position\":1,\"name\":\"Accueil\",\"item\":\"https:\/\/laurequevalpsychologue.fr\/\"},{\"@type\":\"ListItem\",\"position\":2,\"name\":\"Approches th\u00e9rapeutiques\"}]},{\"@type\":\"WebSite\",\"@id\":\"https:\/\/laurequevalpsychologue.fr\/#website\",\"url\":\"https:\/\/laurequevalpsychologue.fr\/\",\"name\":\"Laure Qu\u00e9val Psychologue\",\"description\":\"Psychologue clinicienne \u00e0 Marseille\",\"publisher\":{\"@id\":\"https:\/\/laurequevalpsychologue.fr\/#organization\"},\"alternateName\":\"vous aider \u00e0 am\u00e9liorer votre niveau de bien-\u00eatre au quotidien\",\"potentialAction\":[{\"@type\":\"SearchAction\",\"target\":{\"@type\":\"EntryPoint\",\"urlTemplate\":\"https:\/\/laurequevalpsychologue.fr\/?s={search_term_string}\"},\"query-input\":{\"@type\":\"PropertyValueSpecification\",\"valueRequired\":true,\"valueName\":\"search_term_string\"}}],\"inLanguage\":\"fr-FR\"},{\"@type\":\"Organization\",\"@id\":\"https:\/\/laurequevalpsychologue.fr\/#organization\",\"name\":\"Laure Qu\u00e9val Psychologue\",\"url\":\"https:\/\/laurequevalpsychologue.fr\/\",\"logo\":{\"@type\":\"ImageObject\",\"inLanguage\":\"fr-FR\",\"@id\":\"https:\/\/laurequevalpsychologue.fr\/#\/schema\/logo\/image\/\",\"url\":\"https:\/\/laurequevalpsychologue.fr\/wp-content\/uploads\/2025\/02\/cropped-rainbow-svgrepo-com.png\",\"contentUrl\":\"https:\/\/laurequevalpsychologue.fr\/wp-content\/uploads\/2025\/02\/cropped-rainbow-svgrepo-com.png\",\"width\":512,\"height\":512,\"caption\":\"Laure Qu\u00e9val Psychologue\"},\"image\":{\"@id\":\"https:\/\/laurequevalpsychologue.fr\/#\/schema\/logo\/image\/\"},\"sameAs\":[\"https:\/\/www.instagram.com\/psycho_queval\/\",\"https:\/\/www.linkedin.com\/in\/laure-quval-678b461a2\/\"]}]}<\/script>\n<!-- \/ Yoast SEO plugin. -->","yoast_head_json":{"title":"Approches th\u00e9rapeutiques - Laure Qu\u00e9val Psychologue","description":"Am\u00e9liorez votre niveau de bien-\u00eatre au quotidien. Faites vous aider cr\u00e9er un projet concret qui vous recentre sur les pens\u00e9es positives","robots":{"index":"index","follow":"follow","max-snippet":"max-snippet:-1","max-image-preview":"max-image-preview:large","max-video-preview":"max-video-preview:-1"},"canonical":"https:\/\/laurequevalpsychologue.fr\/index.php\/approches-therapeutiques\/","og_locale":"fr_FR","og_type":"article","og_title":"Approches th\u00e9rapeutiques - Laure Qu\u00e9val Psychologue","og_description":"Am\u00e9liorez votre niveau de bien-\u00eatre au quotidien. Faites vous aider cr\u00e9er un projet concret qui vous recentre sur les pens\u00e9es positives","og_url":"https:\/\/laurequevalpsychologue.fr\/index.php\/approches-therapeutiques\/","og_site_name":"Laure Qu\u00e9val Psychologue","article_modified_time":"2025-04-16T19:49:56+00:00","og_image":[{"url":"http:\/\/laurequevalpsychologue.fr\/wp-content\/uploads\/2025\/02\/schema.png","type":"","width":"","height":""}],"twitter_card":"summary_large_image","twitter_misc":{"Dur\u00e9e de lecture estim\u00e9e":"4 minutes"},"schema":{"@context":"https:\/\/schema.org","@graph":[{"@type":"WebPage","@id":"https:\/\/laurequevalpsychologue.fr\/index.php\/approches-therapeutiques\/","url":"https:\/\/laurequevalpsychologue.fr\/index.php\/approches-therapeutiques\/","name":"Approches th\u00e9rapeutiques - Laure Qu\u00e9val Psychologue","isPartOf":{"@id":"https:\/\/laurequevalpsychologue.fr\/#website"},"primaryImageOfPage":{"@id":"https:\/\/laurequevalpsychologue.fr\/index.php\/approches-therapeutiques\/#primaryimage"},"image":{"@id":"https:\/\/laurequevalpsychologue.fr\/index.php\/approches-therapeutiques\/#primaryimage"},"thumbnailUrl":"http:\/\/laurequevalpsychologue.fr\/wp-content\/uploads\/2025\/02\/schema.png","datePublished":"2025-01-17T17:22:33+00:00","dateModified":"2025-04-16T19:49:56+00:00","description":"Am\u00e9liorez votre niveau de bien-\u00eatre au quotidien. Faites vous aider cr\u00e9er un projet concret qui vous recentre sur les pens\u00e9es positives","breadcrumb":{"@id":"https:\/\/laurequevalpsychologue.fr\/index.php\/approches-therapeutiques\/#breadcrumb"},"inLanguage":"fr-FR","potentialAction":[{"@type":"ReadAction","target":["https:\/\/laurequevalpsychologue.fr\/index.php\/approches-therapeutiques\/"]}]},{"@type":"ImageObject","inLanguage":"fr-FR","@id":"https:\/\/laurequevalpsychologue.fr\/index.php\/approches-therapeutiques\/#primaryimage","url":"http:\/\/laurequevalpsychologue.fr\/wp-content\/uploads\/2025\/02\/schema.png","contentUrl":"http:\/\/laurequevalpsychologue.fr\/wp-content\/uploads\/2025\/02\/schema.png"},{"@type":"BreadcrumbList","@id":"https:\/\/laurequevalpsychologue.fr\/index.php\/approches-therapeutiques\/#breadcrumb","itemListElement":[{"@type":"ListItem","position":1,"name":"Accueil","item":"https:\/\/laurequevalpsychologue.fr\/"},{"@type":"ListItem","position":2,"name":"Approches th\u00e9rapeutiques"}]},{"@type":"WebSite","@id":"https:\/\/laurequevalpsychologue.fr\/#website","url":"https:\/\/laurequevalpsychologue.fr\/","name":"Laure Qu\u00e9val Psychologue","description":"Psychologue clinicienne \u00e0 Marseille","publisher":{"@id":"https:\/\/laurequevalpsychologue.fr\/#organization"},"alternateName":"vous aider \u00e0 am\u00e9liorer votre niveau de bien-\u00eatre au quotidien","potentialAction":[{"@type":"SearchAction","target":{"@type":"EntryPoint","urlTemplate":"https:\/\/laurequevalpsychologue.fr\/?s={search_term_string}"},"query-input":{"@type":"PropertyValueSpecification","valueRequired":true,"valueName":"search_term_string"}}],"inLanguage":"fr-FR"},{"@type":"Organization","@id":"https:\/\/laurequevalpsychologue.fr\/#organization","name":"Laure Qu\u00e9val Psychologue","url":"https:\/\/laurequevalpsychologue.fr\/","logo":{"@type":"ImageObject","inLanguage":"fr-FR","@id":"https:\/\/laurequevalpsychologue.fr\/#\/schema\/logo\/image\/","url":"https:\/\/laurequevalpsychologue.fr\/wp-content\/uploads\/2025\/02\/cropped-rainbow-svgrepo-com.png","contentUrl":"https:\/\/laurequevalpsychologue.fr\/wp-content\/uploads\/2025\/02\/cropped-rainbow-svgrepo-com.png","width":512,"height":512,"caption":"Laure Qu\u00e9val Psychologue"},"image":{"@id":"https:\/\/laurequevalpsychologue.fr\/#\/schema\/logo\/image\/"},"sameAs":["https:\/\/www.instagram.com\/psycho_queval\/","https:\/\/www.linkedin.com\/in\/laure-quval-678b461a2\/"]}]}},"_links":{"self":[{"href":"https:\/\/laurequevalpsychologue.fr\/index.php\/wp-json\/wp\/v2\/pages\/239","targetHints":{"allow":["GET"]}}],"collection":[{"href":"https:\/\/laurequevalpsychologue.fr\/index.php\/wp-json\/wp\/v2\/pages"}],"about":[{"href":"https:\/\/laurequevalpsychologue.fr\/index.php\/wp-json\/wp\/v2\/types\/page"}],"author":[{"embeddable":true,"href":"https:\/\/laurequevalpsychologue.fr\/index.php\/wp-json\/wp\/v2\/users\/1"}],"replies":[{"embeddable":true,"href":"https:\/\/laurequevalpsychologue.fr\/index.php\/wp-json\/wp\/v2\/comments?post=239"}],"version-history":[{"count":24,"href":"https:\/\/laurequevalpsychologue.fr\/index.php\/wp-json\/wp\/v2\/pages\/239\/revisions"}],"predecessor-version":[{"id":543,"href":"https:\/\/laurequevalpsychologue.fr\/index.php\/wp-json\/wp\/v2\/pages\/239\/revisions\/543"}],"wp:attachment":[{"href":"https:\/\/laurequevalpsychologue.fr\/index.php\/wp-json\/wp\/v2\/media?parent=239"}],"curies":[{"name":"wp","href":"https:\/\/api.w.org\/{rel}","templated":true}]}}