{"id":240,"date":"2025-01-17T18:22:33","date_gmt":"2025-01-17T17:22:33","guid":{"rendered":"https:\/\/laurequevalpsychologue.fr\/?page_id=240"},"modified":"2025-04-16T08:42:56","modified_gmt":"2025-04-16T06:42:56","slug":"venir-au-cabinet","status":"publish","type":"page","link":"https:\/\/laurequevalpsychologue.fr\/index.php\/venir-au-cabinet\/","title":{"rendered":"Venir au cabinet"},"content":{"rendered":"\n<h1 class=\"wp-block-heading\">Laure Qu\u00e9val psychologue: Venir au cabinet<\/h1>\n\n\n<p>Mon cabinet se situe chez&nbsp;<strong>CouCoun<\/strong><\/p>\n\n\n<div class=\"wp-block-image\">\n<figure class=\"alignright size-large is-resized\"><img loading=\"lazy\" decoding=\"async\" width=\"1024\" height=\"645\" src=\"https:\/\/laurequevalpsychologue.fr\/wp-content\/uploads\/2025\/04\/Localisation-Coucoun-Psychologue-TCC-Marseille-1024x645.jpg\" alt=\"\" class=\"wp-image-522\" style=\"width:480px;height:auto\" srcset=\"https:\/\/laurequevalpsychologue.fr\/wp-content\/uploads\/2025\/04\/Localisation-Coucoun-Psychologue-TCC-Marseille-1024x645.jpg 1024w, https:\/\/laurequevalpsychologue.fr\/wp-content\/uploads\/2025\/04\/Localisation-Coucoun-Psychologue-TCC-Marseille-300x189.jpg 300w, https:\/\/laurequevalpsychologue.fr\/wp-content\/uploads\/2025\/04\/Localisation-Coucoun-Psychologue-TCC-Marseille-768x484.jpg 768w, https:\/\/laurequevalpsychologue.fr\/wp-content\/uploads\/2025\/04\/Localisation-Coucoun-Psychologue-TCC-Marseille-1536x967.jpg 1536w, https:\/\/laurequevalpsychologue.fr\/wp-content\/uploads\/2025\/04\/Localisation-Coucoun-Psychologue-TCC-Marseille.jpg 1985w\" sizes=\"auto, (max-width: 1024px) 100vw, 1024px\" \/><\/figure>\n<\/div>\n\n\n<p><strong>2 rue d\u2019Alsace 13008 Marseille<\/strong><\/p>\n\n\n\n<p>Sonnette&nbsp;<strong>CouCoun<\/strong>, au rez-de-chauss\u00e9e<\/p>\n\n\n\n<ul class=\"wp-block-list\">\n<li><strong>En V\u00e9lo :<\/strong><br>5 minute :\u00a0 72 avenue du Prado \u2013 station 8309<br>5 minutes : 395 rue Paradis \u2013 station 8246<br><a href=\"http:\/\/www.levelo-mpm.fr\/Les-stations\/Trouver-une-station\" target=\"_blank\" rel=\"noreferrer noopener\">http:\/\/www.levelo-mpm.fr\/Les-stations\/Trouver-une-station<\/a><\/li>\n<\/ul>\n\n\n\n<ul class=\"wp-block-list\">\n<li><strong>En Bus :<\/strong><br>5 minute : 41 \u2013 Station Place Delibes<br>5 minutes : 19, 521, B1 \u2013 Station Prado P\u00e9rier<\/li>\n<\/ul>\n\n\n\n<ul class=\"wp-block-list\">\n<li><strong>En M\u00e9tro :<\/strong><br>5 minutes : P\u00e9rier ligne 2<br>10 minutes : Castelanne, ligne 1 et 2<\/li>\n<\/ul>\n\n\n\n<ul class=\"wp-block-list\">\n<li><strong>En Voiture :<\/strong><br>acc\u00e8s direct Autoroute A50 \u00e0 2 minutes<\/li>\n<\/ul>\n\n\n\n<ul class=\"wp-block-list\">\n<li><strong>Parkings Indigo :<\/strong><br>7 minutes : 20 et 39 All\u00e9es Turcat M\u00e9ry<\/li>\n<\/ul>\n","protected":false},"excerpt":{"rendered":"<p>Laure Qu\u00e9val psychologue: Venir au cabinet Mon cabinet se situe chez&nbsp;CouCoun 2 rue d\u2019Alsace 13008 Marseille Sonnette&nbsp;CouCoun, au rez-de-chauss\u00e9e<\/p>\n","protected":false},"author":1,"featured_media":0,"parent":0,"menu_order":0,"comment_status":"closed","ping_status":"closed","template":"","meta":{"neve_meta_sidebar":"","neve_meta_container":"","neve_meta_enable_content_width":"","neve_meta_content_width":0,"neve_meta_title_alignment":"","neve_meta_author_avatar":"","neve_post_elements_order":"","neve_meta_disable_header":"","neve_meta_disable_footer":"","neve_meta_disable_title":"","footnotes":""},"class_list":["post-240","page","type-page","status-publish","hentry"],"yoast_head":"<!-- This site is optimized with the Yoast SEO plugin v24.7 - https:\/\/yoast.com\/wordpress\/plugins\/seo\/ -->\n<title>Venir au cabinet - Laure Qu\u00e9val Psychologue<\/title>\n<meta name=\"description\" content=\"Am\u00e9liorez votre niveau de bien-\u00eatre au quotidien. Faites vous aider pour d\u00e9nouer les n\u0153uds qui se sont tiss\u00e9s et cr\u00e9er un projet concret qui fasse sens pour vous\" \/>\n<meta name=\"robots\" content=\"index, follow, max-snippet:-1, max-image-preview:large, max-video-preview:-1\" \/>\n<link rel=\"canonical\" href=\"https:\/\/laurequevalpsychologue.fr\/index.php\/venir-au-cabinet\/\" \/>\n<meta property=\"og:locale\" content=\"fr_FR\" \/>\n<meta property=\"og:type\" content=\"article\" \/>\n<meta property=\"og:title\" content=\"Venir au cabinet - Laure Qu\u00e9val Psychologue\" \/>\n<meta property=\"og:description\" content=\"Am\u00e9liorez votre niveau de bien-\u00eatre au quotidien. Faites vous aider pour d\u00e9nouer les n\u0153uds qui se sont tiss\u00e9s et cr\u00e9er un projet concret qui fasse sens pour vous\" \/>\n<meta property=\"og:url\" content=\"https:\/\/laurequevalpsychologue.fr\/index.php\/venir-au-cabinet\/\" \/>\n<meta property=\"og:site_name\" content=\"Laure Qu\u00e9val Psychologue\" \/>\n<meta property=\"article:modified_time\" content=\"2025-04-16T06:42:56+00:00\" \/>\n<meta property=\"og:image\" content=\"https:\/\/laurequevalpsychologue.fr\/wp-content\/uploads\/2025\/04\/Localisation-Coucoun-Psychologue-TCC-Marseille.jpg\" \/>\n\t<meta property=\"og:image:width\" content=\"1985\" \/>\n\t<meta property=\"og:image:height\" content=\"1250\" \/>\n\t<meta property=\"og:image:type\" content=\"image\/jpeg\" \/>\n<meta name=\"twitter:card\" content=\"summary_large_image\" \/>\n<meta name=\"twitter:label1\" content=\"Dur\u00e9e de lecture estim\u00e9e\" \/>\n\t<meta name=\"twitter:data1\" content=\"1 minute\" \/>\n<script type=\"application\/ld+json\" class=\"yoast-schema-graph\">{\"@context\":\"https:\/\/schema.org\",\"@graph\":[{\"@type\":\"WebPage\",\"@id\":\"https:\/\/laurequevalpsychologue.fr\/index.php\/venir-au-cabinet\/\",\"url\":\"https:\/\/laurequevalpsychologue.fr\/index.php\/venir-au-cabinet\/\",\"name\":\"Venir au cabinet - Laure Qu\u00e9val Psychologue\",\"isPartOf\":{\"@id\":\"https:\/\/laurequevalpsychologue.fr\/#website\"},\"primaryImageOfPage\":{\"@id\":\"https:\/\/laurequevalpsychologue.fr\/index.php\/venir-au-cabinet\/#primaryimage\"},\"image\":{\"@id\":\"https:\/\/laurequevalpsychologue.fr\/index.php\/venir-au-cabinet\/#primaryimage\"},\"thumbnailUrl\":\"https:\/\/laurequevalpsychologue.fr\/wp-content\/uploads\/2025\/04\/Localisation-Coucoun-Psychologue-TCC-Marseille-1024x645.jpg\",\"datePublished\":\"2025-01-17T17:22:33+00:00\",\"dateModified\":\"2025-04-16T06:42:56+00:00\",\"description\":\"Am\u00e9liorez votre niveau de bien-\u00eatre au quotidien. Faites vous aider pour d\u00e9nouer les n\u0153uds qui se sont tiss\u00e9s et cr\u00e9er un projet concret qui fasse sens pour vous\",\"breadcrumb\":{\"@id\":\"https:\/\/laurequevalpsychologue.fr\/index.php\/venir-au-cabinet\/#breadcrumb\"},\"inLanguage\":\"fr-FR\",\"potentialAction\":[{\"@type\":\"ReadAction\",\"target\":[\"https:\/\/laurequevalpsychologue.fr\/index.php\/venir-au-cabinet\/\"]}]},{\"@type\":\"ImageObject\",\"inLanguage\":\"fr-FR\",\"@id\":\"https:\/\/laurequevalpsychologue.fr\/index.php\/venir-au-cabinet\/#primaryimage\",\"url\":\"https:\/\/laurequevalpsychologue.fr\/wp-content\/uploads\/2025\/04\/Localisation-Coucoun-Psychologue-TCC-Marseille.jpg\",\"contentUrl\":\"https:\/\/laurequevalpsychologue.fr\/wp-content\/uploads\/2025\/04\/Localisation-Coucoun-Psychologue-TCC-Marseille.jpg\",\"width\":1985,\"height\":1250},{\"@type\":\"BreadcrumbList\",\"@id\":\"https:\/\/laurequevalpsychologue.fr\/index.php\/venir-au-cabinet\/#breadcrumb\",\"itemListElement\":[{\"@type\":\"ListItem\",\"position\":1,\"name\":\"Accueil\",\"item\":\"https:\/\/laurequevalpsychologue.fr\/\"},{\"@type\":\"ListItem\",\"position\":2,\"name\":\"Venir au cabinet\"}]},{\"@type\":\"WebSite\",\"@id\":\"https:\/\/laurequevalpsychologue.fr\/#website\",\"url\":\"https:\/\/laurequevalpsychologue.fr\/\",\"name\":\"Laure Qu\u00e9val Psychologue\",\"description\":\"Psychologue clinicienne \u00e0 Marseille\",\"publisher\":{\"@id\":\"https:\/\/laurequevalpsychologue.fr\/#organization\"},\"alternateName\":\"vous aider \u00e0 am\u00e9liorer votre niveau de bien-\u00eatre au quotidien\",\"potentialAction\":[{\"@type\":\"SearchAction\",\"target\":{\"@type\":\"EntryPoint\",\"urlTemplate\":\"https:\/\/laurequevalpsychologue.fr\/?s={search_term_string}\"},\"query-input\":{\"@type\":\"PropertyValueSpecification\",\"valueRequired\":true,\"valueName\":\"search_term_string\"}}],\"inLanguage\":\"fr-FR\"},{\"@type\":\"Organization\",\"@id\":\"https:\/\/laurequevalpsychologue.fr\/#organization\",\"name\":\"Laure Qu\u00e9val Psychologue\",\"url\":\"https:\/\/laurequevalpsychologue.fr\/\",\"logo\":{\"@type\":\"ImageObject\",\"inLanguage\":\"fr-FR\",\"@id\":\"https:\/\/laurequevalpsychologue.fr\/#\/schema\/logo\/image\/\",\"url\":\"https:\/\/laurequevalpsychologue.fr\/wp-content\/uploads\/2025\/02\/cropped-rainbow-svgrepo-com.png\",\"contentUrl\":\"https:\/\/laurequevalpsychologue.fr\/wp-content\/uploads\/2025\/02\/cropped-rainbow-svgrepo-com.png\",\"width\":512,\"height\":512,\"caption\":\"Laure Qu\u00e9val Psychologue\"},\"image\":{\"@id\":\"https:\/\/laurequevalpsychologue.fr\/#\/schema\/logo\/image\/\"},\"sameAs\":[\"https:\/\/www.instagram.com\/psycho_queval\/\",\"https:\/\/www.linkedin.com\/in\/laure-quval-678b461a2\/\"]}]}<\/script>\n<!-- \/ Yoast SEO plugin. -->","yoast_head_json":{"title":"Venir au cabinet - Laure Qu\u00e9val Psychologue","description":"Am\u00e9liorez votre niveau de bien-\u00eatre au quotidien. Faites vous aider pour d\u00e9nouer les n\u0153uds qui se sont tiss\u00e9s et cr\u00e9er un projet concret qui fasse sens pour vous","robots":{"index":"index","follow":"follow","max-snippet":"max-snippet:-1","max-image-preview":"max-image-preview:large","max-video-preview":"max-video-preview:-1"},"canonical":"https:\/\/laurequevalpsychologue.fr\/index.php\/venir-au-cabinet\/","og_locale":"fr_FR","og_type":"article","og_title":"Venir au cabinet - Laure Qu\u00e9val Psychologue","og_description":"Am\u00e9liorez votre niveau de bien-\u00eatre au quotidien. Faites vous aider pour d\u00e9nouer les n\u0153uds qui se sont tiss\u00e9s et cr\u00e9er un projet concret qui fasse sens pour vous","og_url":"https:\/\/laurequevalpsychologue.fr\/index.php\/venir-au-cabinet\/","og_site_name":"Laure Qu\u00e9val Psychologue","article_modified_time":"2025-04-16T06:42:56+00:00","og_image":[{"width":1985,"height":1250,"url":"https:\/\/laurequevalpsychologue.fr\/wp-content\/uploads\/2025\/04\/Localisation-Coucoun-Psychologue-TCC-Marseille.jpg","type":"image\/jpeg"}],"twitter_card":"summary_large_image","twitter_misc":{"Dur\u00e9e de lecture estim\u00e9e":"1 minute"},"schema":{"@context":"https:\/\/schema.org","@graph":[{"@type":"WebPage","@id":"https:\/\/laurequevalpsychologue.fr\/index.php\/venir-au-cabinet\/","url":"https:\/\/laurequevalpsychologue.fr\/index.php\/venir-au-cabinet\/","name":"Venir au cabinet - Laure Qu\u00e9val Psychologue","isPartOf":{"@id":"https:\/\/laurequevalpsychologue.fr\/#website"},"primaryImageOfPage":{"@id":"https:\/\/laurequevalpsychologue.fr\/index.php\/venir-au-cabinet\/#primaryimage"},"image":{"@id":"https:\/\/laurequevalpsychologue.fr\/index.php\/venir-au-cabinet\/#primaryimage"},"thumbnailUrl":"https:\/\/laurequevalpsychologue.fr\/wp-content\/uploads\/2025\/04\/Localisation-Coucoun-Psychologue-TCC-Marseille-1024x645.jpg","datePublished":"2025-01-17T17:22:33+00:00","dateModified":"2025-04-16T06:42:56+00:00","description":"Am\u00e9liorez votre niveau de bien-\u00eatre au quotidien. Faites vous aider pour d\u00e9nouer les n\u0153uds qui se sont tiss\u00e9s et cr\u00e9er un projet concret qui fasse sens pour vous","breadcrumb":{"@id":"https:\/\/laurequevalpsychologue.fr\/index.php\/venir-au-cabinet\/#breadcrumb"},"inLanguage":"fr-FR","potentialAction":[{"@type":"ReadAction","target":["https:\/\/laurequevalpsychologue.fr\/index.php\/venir-au-cabinet\/"]}]},{"@type":"ImageObject","inLanguage":"fr-FR","@id":"https:\/\/laurequevalpsychologue.fr\/index.php\/venir-au-cabinet\/#primaryimage","url":"https:\/\/laurequevalpsychologue.fr\/wp-content\/uploads\/2025\/04\/Localisation-Coucoun-Psychologue-TCC-Marseille.jpg","contentUrl":"https:\/\/laurequevalpsychologue.fr\/wp-content\/uploads\/2025\/04\/Localisation-Coucoun-Psychologue-TCC-Marseille.jpg","width":1985,"height":1250},{"@type":"BreadcrumbList","@id":"https:\/\/laurequevalpsychologue.fr\/index.php\/venir-au-cabinet\/#breadcrumb","itemListElement":[{"@type":"ListItem","position":1,"name":"Accueil","item":"https:\/\/laurequevalpsychologue.fr\/"},{"@type":"ListItem","position":2,"name":"Venir au cabinet"}]},{"@type":"WebSite","@id":"https:\/\/laurequevalpsychologue.fr\/#website","url":"https:\/\/laurequevalpsychologue.fr\/","name":"Laure Qu\u00e9val Psychologue","description":"Psychologue clinicienne \u00e0 Marseille","publisher":{"@id":"https:\/\/laurequevalpsychologue.fr\/#organization"},"alternateName":"vous aider \u00e0 am\u00e9liorer votre niveau de bien-\u00eatre au quotidien","potentialAction":[{"@type":"SearchAction","target":{"@type":"EntryPoint","urlTemplate":"https:\/\/laurequevalpsychologue.fr\/?s={search_term_string}"},"query-input":{"@type":"PropertyValueSpecification","valueRequired":true,"valueName":"search_term_string"}}],"inLanguage":"fr-FR"},{"@type":"Organization","@id":"https:\/\/laurequevalpsychologue.fr\/#organization","name":"Laure Qu\u00e9val Psychologue","url":"https:\/\/laurequevalpsychologue.fr\/","logo":{"@type":"ImageObject","inLanguage":"fr-FR","@id":"https:\/\/laurequevalpsychologue.fr\/#\/schema\/logo\/image\/","url":"https:\/\/laurequevalpsychologue.fr\/wp-content\/uploads\/2025\/02\/cropped-rainbow-svgrepo-com.png","contentUrl":"https:\/\/laurequevalpsychologue.fr\/wp-content\/uploads\/2025\/02\/cropped-rainbow-svgrepo-com.png","width":512,"height":512,"caption":"Laure Qu\u00e9val Psychologue"},"image":{"@id":"https:\/\/laurequevalpsychologue.fr\/#\/schema\/logo\/image\/"},"sameAs":["https:\/\/www.instagram.com\/psycho_queval\/","https:\/\/www.linkedin.com\/in\/laure-quval-678b461a2\/"]}]}},"_links":{"self":[{"href":"https:\/\/laurequevalpsychologue.fr\/index.php\/wp-json\/wp\/v2\/pages\/240","targetHints":{"allow":["GET"]}}],"collection":[{"href":"https:\/\/laurequevalpsychologue.fr\/index.php\/wp-json\/wp\/v2\/pages"}],"about":[{"href":"https:\/\/laurequevalpsychologue.fr\/index.php\/wp-json\/wp\/v2\/types\/page"}],"author":[{"embeddable":true,"href":"https:\/\/laurequevalpsychologue.fr\/index.php\/wp-json\/wp\/v2\/users\/1"}],"replies":[{"embeddable":true,"href":"https:\/\/laurequevalpsychologue.fr\/index.php\/wp-json\/wp\/v2\/comments?post=240"}],"version-history":[{"count":8,"href":"https:\/\/laurequevalpsychologue.fr\/index.php\/wp-json\/wp\/v2\/pages\/240\/revisions"}],"predecessor-version":[{"id":529,"href":"https:\/\/laurequevalpsychologue.fr\/index.php\/wp-json\/wp\/v2\/pages\/240\/revisions\/529"}],"wp:attachment":[{"href":"https:\/\/laurequevalpsychologue.fr\/index.php\/wp-json\/wp\/v2\/media?parent=240"}],"curies":[{"name":"wp","href":"https:\/\/api.w.org\/{rel}","templated":true}]}}