{"id":581,"date":"2025-09-01T17:07:37","date_gmt":"2025-09-01T15:07:37","guid":{"rendered":"https:\/\/laurequevalpsychologue.fr\/?page_id=581"},"modified":"2025-09-01T17:16:52","modified_gmt":"2025-09-01T15:16:52","slug":"b-la","status":"publish","type":"page","link":"https:\/\/laurequevalpsychologue.fr\/index.php\/b-la\/","title":{"rendered":"Cin\u00e9 &amp; Psycho \ud83d\udcfd"},"content":{"rendered":"\n<div class=\"wp-block-media-text is-stacked-on-mobile\" style=\"grid-template-columns:18% auto\"><figure class=\"wp-block-media-text__media\"><img loading=\"lazy\" decoding=\"async\" width=\"1024\" height=\"1024\" src=\"https:\/\/laurequevalpsychologue.fr\/wp-content\/uploads\/2025\/09\/popcorn-1614707_1280-4-1024x1024.webp\" alt=\"\" class=\"wp-image-586 size-full\" srcset=\"https:\/\/laurequevalpsychologue.fr\/wp-content\/uploads\/2025\/09\/popcorn-1614707_1280-4-1024x1024.webp 1024w, https:\/\/laurequevalpsychologue.fr\/wp-content\/uploads\/2025\/09\/popcorn-1614707_1280-4-300x300.webp 300w, https:\/\/laurequevalpsychologue.fr\/wp-content\/uploads\/2025\/09\/popcorn-1614707_1280-4-150x150.webp 150w, https:\/\/laurequevalpsychologue.fr\/wp-content\/uploads\/2025\/09\/popcorn-1614707_1280-4-768x768.webp 768w, https:\/\/laurequevalpsychologue.fr\/wp-content\/uploads\/2025\/09\/popcorn-1614707_1280-4.webp 1280w\" sizes=\"auto, (max-width: 1024px) 100vw, 1024px\" \/><\/figure><div class=\"wp-block-media-text__content\">\n<p>J\u2019aime le cin\u00e9ma et la psychologie.&nbsp;<\/p>\n\n\n\n<p>Le cin\u00e9ma, comme le patient en s\u00e9ance, ne se contente pas de raconter des histoires : il explore les \u00e9motions, les relations, les conflits int\u00e9rieurs. Il questionne le fonctionnement psychique en pratique.&nbsp;<\/p>\n\n\n\n<p>Dans cette rubrique Cin\u00e9 &amp; Psycho, je vous propose un rendez-vous autour d\u2019un film qui m\u2019a marqu\u00e9e, non pas pour en faire une critique, mais pour le lire \u00e0 travers une grille psychologique.&nbsp;<\/p>\n\n\n\n<p>Trouble mental, identit\u00e9, attachement, relations abusives\u2026 Chaque article met en lumi\u00e8re un th\u00e8me de la sant\u00e9 mentale, illustr\u00e9 par l\u2019histoire du film.<\/p>\n\n\n\n<p>Bonne s\u00e9ance ! <\/p>\n<\/div><\/div>\n","protected":false},"excerpt":{"rendered":"<p>J\u2019aime le cin\u00e9ma et la psychologie.&nbsp; Le cin\u00e9ma, comme le patient en s\u00e9ance, ne se contente pas de raconter des histoires : il explore les \u00e9motions, les relations, les conflits int\u00e9rieurs. Il questionne le fonctionnement psychique en pratique.&nbsp; Dans cette rubrique Cin\u00e9 &amp; Psycho, je vous propose un rendez-vous autour d\u2019un film qui m\u2019a marqu\u00e9e,&hellip;&nbsp;<a href=\"https:\/\/laurequevalpsychologue.fr\/index.php\/b-la\/\" rel=\"bookmark\">Lire la suite &raquo;<span class=\"screen-reader-text\">Cin\u00e9 &amp; Psycho \ud83d\udcfd<\/span><\/a><\/p>\n","protected":false},"author":1,"featured_media":0,"parent":0,"menu_order":0,"comment_status":"closed","ping_status":"closed","template":"","meta":{"neve_meta_sidebar":"","neve_meta_container":"","neve_meta_enable_content_width":"","neve_meta_content_width":0,"neve_meta_title_alignment":"","neve_meta_author_avatar":"","neve_post_elements_order":"","neve_meta_disable_header":"","neve_meta_disable_footer":"","neve_meta_disable_title":"","footnotes":""},"class_list":["post-581","page","type-page","status-publish","hentry"],"yoast_head":"<!-- This site is optimized with the Yoast SEO plugin v24.7 - https:\/\/yoast.com\/wordpress\/plugins\/seo\/ -->\n<title>Cin\u00e9 &amp; Psycho \ud83d\udcfd - Laure Qu\u00e9val Psychologue<\/title>\n<meta name=\"description\" content=\"Am\u00e9liorez votre niveau de bien-\u00eatre au quotidien. Faites vous aider pour d\u00e9nouer les n\u0153uds qui se sont tiss\u00e9s et cr\u00e9er un projet concret qui fasse sens pour vous\" \/>\n<meta name=\"robots\" content=\"index, follow, max-snippet:-1, max-image-preview:large, max-video-preview:-1\" \/>\n<link rel=\"canonical\" href=\"https:\/\/laurequevalpsychologue.fr\/index.php\/b-la\/\" \/>\n<meta property=\"og:locale\" content=\"fr_FR\" \/>\n<meta property=\"og:type\" content=\"article\" \/>\n<meta property=\"og:title\" content=\"Cin\u00e9 &amp; Psycho \ud83d\udcfd - Laure Qu\u00e9val Psychologue\" \/>\n<meta property=\"og:description\" content=\"Am\u00e9liorez votre niveau de bien-\u00eatre au quotidien. Faites vous aider pour d\u00e9nouer les n\u0153uds qui se sont tiss\u00e9s et cr\u00e9er un projet concret qui fasse sens pour vous\" \/>\n<meta property=\"og:url\" content=\"https:\/\/laurequevalpsychologue.fr\/index.php\/b-la\/\" \/>\n<meta property=\"og:site_name\" content=\"Laure Qu\u00e9val Psychologue\" \/>\n<meta property=\"article:modified_time\" content=\"2025-09-01T15:16:52+00:00\" \/>\n<meta property=\"og:image\" content=\"https:\/\/laurequevalpsychologue.fr\/wp-content\/uploads\/2025\/09\/popcorn-1614707_1280-4.webp\" \/>\n\t<meta property=\"og:image:width\" content=\"1280\" \/>\n\t<meta property=\"og:image:height\" content=\"1280\" \/>\n\t<meta property=\"og:image:type\" content=\"image\/webp\" \/>\n<meta name=\"twitter:card\" content=\"summary_large_image\" \/>\n<meta name=\"twitter:label1\" content=\"Dur\u00e9e de lecture estim\u00e9e\" \/>\n\t<meta name=\"twitter:data1\" content=\"1 minute\" \/>\n<script type=\"application\/ld+json\" class=\"yoast-schema-graph\">{\"@context\":\"https:\/\/schema.org\",\"@graph\":[{\"@type\":\"WebPage\",\"@id\":\"https:\/\/laurequevalpsychologue.fr\/index.php\/b-la\/\",\"url\":\"https:\/\/laurequevalpsychologue.fr\/index.php\/b-la\/\",\"name\":\"Cin\u00e9 &amp; Psycho \ud83d\udcfd - Laure Qu\u00e9val Psychologue\",\"isPartOf\":{\"@id\":\"https:\/\/laurequevalpsychologue.fr\/#website\"},\"primaryImageOfPage\":{\"@id\":\"https:\/\/laurequevalpsychologue.fr\/index.php\/b-la\/#primaryimage\"},\"image\":{\"@id\":\"https:\/\/laurequevalpsychologue.fr\/index.php\/b-la\/#primaryimage\"},\"thumbnailUrl\":\"https:\/\/laurequevalpsychologue.fr\/wp-content\/uploads\/2025\/09\/popcorn-1614707_1280-4-1024x1024.webp\",\"datePublished\":\"2025-09-01T15:07:37+00:00\",\"dateModified\":\"2025-09-01T15:16:52+00:00\",\"description\":\"Am\u00e9liorez votre niveau de bien-\u00eatre au quotidien. Faites vous aider pour d\u00e9nouer les n\u0153uds qui se sont tiss\u00e9s et cr\u00e9er un projet concret qui fasse sens pour vous\",\"breadcrumb\":{\"@id\":\"https:\/\/laurequevalpsychologue.fr\/index.php\/b-la\/#breadcrumb\"},\"inLanguage\":\"fr-FR\",\"potentialAction\":[{\"@type\":\"ReadAction\",\"target\":[\"https:\/\/laurequevalpsychologue.fr\/index.php\/b-la\/\"]}]},{\"@type\":\"ImageObject\",\"inLanguage\":\"fr-FR\",\"@id\":\"https:\/\/laurequevalpsychologue.fr\/index.php\/b-la\/#primaryimage\",\"url\":\"https:\/\/laurequevalpsychologue.fr\/wp-content\/uploads\/2025\/09\/popcorn-1614707_1280-4.webp\",\"contentUrl\":\"https:\/\/laurequevalpsychologue.fr\/wp-content\/uploads\/2025\/09\/popcorn-1614707_1280-4.webp\",\"width\":1280,\"height\":1280},{\"@type\":\"BreadcrumbList\",\"@id\":\"https:\/\/laurequevalpsychologue.fr\/index.php\/b-la\/#breadcrumb\",\"itemListElement\":[{\"@type\":\"ListItem\",\"position\":1,\"name\":\"Accueil\",\"item\":\"https:\/\/laurequevalpsychologue.fr\/\"},{\"@type\":\"ListItem\",\"position\":2,\"name\":\"Cin\u00e9 &amp; Psycho \ud83d\udcfd\"}]},{\"@type\":\"WebSite\",\"@id\":\"https:\/\/laurequevalpsychologue.fr\/#website\",\"url\":\"https:\/\/laurequevalpsychologue.fr\/\",\"name\":\"Laure Qu\u00e9val Psychologue\",\"description\":\"Psychologue clinicienne \u00e0 Marseille\",\"publisher\":{\"@id\":\"https:\/\/laurequevalpsychologue.fr\/#organization\"},\"alternateName\":\"vous aider \u00e0 am\u00e9liorer votre niveau de bien-\u00eatre au quotidien\",\"potentialAction\":[{\"@type\":\"SearchAction\",\"target\":{\"@type\":\"EntryPoint\",\"urlTemplate\":\"https:\/\/laurequevalpsychologue.fr\/?s={search_term_string}\"},\"query-input\":{\"@type\":\"PropertyValueSpecification\",\"valueRequired\":true,\"valueName\":\"search_term_string\"}}],\"inLanguage\":\"fr-FR\"},{\"@type\":\"Organization\",\"@id\":\"https:\/\/laurequevalpsychologue.fr\/#organization\",\"name\":\"Laure Qu\u00e9val Psychologue\",\"url\":\"https:\/\/laurequevalpsychologue.fr\/\",\"logo\":{\"@type\":\"ImageObject\",\"inLanguage\":\"fr-FR\",\"@id\":\"https:\/\/laurequevalpsychologue.fr\/#\/schema\/logo\/image\/\",\"url\":\"https:\/\/laurequevalpsychologue.fr\/wp-content\/uploads\/2025\/02\/cropped-rainbow-svgrepo-com.png\",\"contentUrl\":\"https:\/\/laurequevalpsychologue.fr\/wp-content\/uploads\/2025\/02\/cropped-rainbow-svgrepo-com.png\",\"width\":512,\"height\":512,\"caption\":\"Laure Qu\u00e9val Psychologue\"},\"image\":{\"@id\":\"https:\/\/laurequevalpsychologue.fr\/#\/schema\/logo\/image\/\"},\"sameAs\":[\"https:\/\/www.instagram.com\/psycho_queval\/\",\"https:\/\/www.linkedin.com\/in\/laure-quval-678b461a2\/\"]}]}<\/script>\n<!-- \/ Yoast SEO plugin. -->","yoast_head_json":{"title":"Cin\u00e9 &amp; Psycho \ud83d\udcfd - Laure Qu\u00e9val Psychologue","description":"Am\u00e9liorez votre niveau de bien-\u00eatre au quotidien. Faites vous aider pour d\u00e9nouer les n\u0153uds qui se sont tiss\u00e9s et cr\u00e9er un projet concret qui fasse sens pour vous","robots":{"index":"index","follow":"follow","max-snippet":"max-snippet:-1","max-image-preview":"max-image-preview:large","max-video-preview":"max-video-preview:-1"},"canonical":"https:\/\/laurequevalpsychologue.fr\/index.php\/b-la\/","og_locale":"fr_FR","og_type":"article","og_title":"Cin\u00e9 &amp; Psycho \ud83d\udcfd - Laure Qu\u00e9val Psychologue","og_description":"Am\u00e9liorez votre niveau de bien-\u00eatre au quotidien. Faites vous aider pour d\u00e9nouer les n\u0153uds qui se sont tiss\u00e9s et cr\u00e9er un projet concret qui fasse sens pour vous","og_url":"https:\/\/laurequevalpsychologue.fr\/index.php\/b-la\/","og_site_name":"Laure Qu\u00e9val Psychologue","article_modified_time":"2025-09-01T15:16:52+00:00","og_image":[{"width":1280,"height":1280,"url":"https:\/\/laurequevalpsychologue.fr\/wp-content\/uploads\/2025\/09\/popcorn-1614707_1280-4.webp","type":"image\/webp"}],"twitter_card":"summary_large_image","twitter_misc":{"Dur\u00e9e de lecture estim\u00e9e":"1 minute"},"schema":{"@context":"https:\/\/schema.org","@graph":[{"@type":"WebPage","@id":"https:\/\/laurequevalpsychologue.fr\/index.php\/b-la\/","url":"https:\/\/laurequevalpsychologue.fr\/index.php\/b-la\/","name":"Cin\u00e9 &amp; Psycho \ud83d\udcfd - Laure Qu\u00e9val Psychologue","isPartOf":{"@id":"https:\/\/laurequevalpsychologue.fr\/#website"},"primaryImageOfPage":{"@id":"https:\/\/laurequevalpsychologue.fr\/index.php\/b-la\/#primaryimage"},"image":{"@id":"https:\/\/laurequevalpsychologue.fr\/index.php\/b-la\/#primaryimage"},"thumbnailUrl":"https:\/\/laurequevalpsychologue.fr\/wp-content\/uploads\/2025\/09\/popcorn-1614707_1280-4-1024x1024.webp","datePublished":"2025-09-01T15:07:37+00:00","dateModified":"2025-09-01T15:16:52+00:00","description":"Am\u00e9liorez votre niveau de bien-\u00eatre au quotidien. Faites vous aider pour d\u00e9nouer les n\u0153uds qui se sont tiss\u00e9s et cr\u00e9er un projet concret qui fasse sens pour vous","breadcrumb":{"@id":"https:\/\/laurequevalpsychologue.fr\/index.php\/b-la\/#breadcrumb"},"inLanguage":"fr-FR","potentialAction":[{"@type":"ReadAction","target":["https:\/\/laurequevalpsychologue.fr\/index.php\/b-la\/"]}]},{"@type":"ImageObject","inLanguage":"fr-FR","@id":"https:\/\/laurequevalpsychologue.fr\/index.php\/b-la\/#primaryimage","url":"https:\/\/laurequevalpsychologue.fr\/wp-content\/uploads\/2025\/09\/popcorn-1614707_1280-4.webp","contentUrl":"https:\/\/laurequevalpsychologue.fr\/wp-content\/uploads\/2025\/09\/popcorn-1614707_1280-4.webp","width":1280,"height":1280},{"@type":"BreadcrumbList","@id":"https:\/\/laurequevalpsychologue.fr\/index.php\/b-la\/#breadcrumb","itemListElement":[{"@type":"ListItem","position":1,"name":"Accueil","item":"https:\/\/laurequevalpsychologue.fr\/"},{"@type":"ListItem","position":2,"name":"Cin\u00e9 &amp; Psycho \ud83d\udcfd"}]},{"@type":"WebSite","@id":"https:\/\/laurequevalpsychologue.fr\/#website","url":"https:\/\/laurequevalpsychologue.fr\/","name":"Laure Qu\u00e9val Psychologue","description":"Psychologue clinicienne \u00e0 Marseille","publisher":{"@id":"https:\/\/laurequevalpsychologue.fr\/#organization"},"alternateName":"vous aider \u00e0 am\u00e9liorer votre niveau de bien-\u00eatre au quotidien","potentialAction":[{"@type":"SearchAction","target":{"@type":"EntryPoint","urlTemplate":"https:\/\/laurequevalpsychologue.fr\/?s={search_term_string}"},"query-input":{"@type":"PropertyValueSpecification","valueRequired":true,"valueName":"search_term_string"}}],"inLanguage":"fr-FR"},{"@type":"Organization","@id":"https:\/\/laurequevalpsychologue.fr\/#organization","name":"Laure Qu\u00e9val Psychologue","url":"https:\/\/laurequevalpsychologue.fr\/","logo":{"@type":"ImageObject","inLanguage":"fr-FR","@id":"https:\/\/laurequevalpsychologue.fr\/#\/schema\/logo\/image\/","url":"https:\/\/laurequevalpsychologue.fr\/wp-content\/uploads\/2025\/02\/cropped-rainbow-svgrepo-com.png","contentUrl":"https:\/\/laurequevalpsychologue.fr\/wp-content\/uploads\/2025\/02\/cropped-rainbow-svgrepo-com.png","width":512,"height":512,"caption":"Laure Qu\u00e9val Psychologue"},"image":{"@id":"https:\/\/laurequevalpsychologue.fr\/#\/schema\/logo\/image\/"},"sameAs":["https:\/\/www.instagram.com\/psycho_queval\/","https:\/\/www.linkedin.com\/in\/laure-quval-678b461a2\/"]}]}},"_links":{"self":[{"href":"https:\/\/laurequevalpsychologue.fr\/index.php\/wp-json\/wp\/v2\/pages\/581","targetHints":{"allow":["GET"]}}],"collection":[{"href":"https:\/\/laurequevalpsychologue.fr\/index.php\/wp-json\/wp\/v2\/pages"}],"about":[{"href":"https:\/\/laurequevalpsychologue.fr\/index.php\/wp-json\/wp\/v2\/types\/page"}],"author":[{"embeddable":true,"href":"https:\/\/laurequevalpsychologue.fr\/index.php\/wp-json\/wp\/v2\/users\/1"}],"replies":[{"embeddable":true,"href":"https:\/\/laurequevalpsychologue.fr\/index.php\/wp-json\/wp\/v2\/comments?post=581"}],"version-history":[{"count":6,"href":"https:\/\/laurequevalpsychologue.fr\/index.php\/wp-json\/wp\/v2\/pages\/581\/revisions"}],"predecessor-version":[{"id":594,"href":"https:\/\/laurequevalpsychologue.fr\/index.php\/wp-json\/wp\/v2\/pages\/581\/revisions\/594"}],"wp:attachment":[{"href":"https:\/\/laurequevalpsychologue.fr\/index.php\/wp-json\/wp\/v2\/media?parent=581"}],"curies":[{"name":"wp","href":"https:\/\/api.w.org\/{rel}","templated":true}]}}