{"id":6,"date":"2025-01-09T11:09:37","date_gmt":"2025-01-09T10:09:37","guid":{"rendered":"https:\/\/laurequevalpsychologue.fr\/?page_id=6"},"modified":"2025-04-16T21:50:26","modified_gmt":"2025-04-16T19:50:26","slug":"accueil","status":"publish","type":"page","link":"https:\/\/laurequevalpsychologue.fr\/","title":{"rendered":"Home"},"content":{"rendered":"\n<h1 class=\"wp-block-heading\">Laure Qu\u00e9val &#8211; Psychologue clinicienne<\/h1>\n\n\n\n<ul class=\"wp-block-social-links is-layout-flex wp-block-social-links-is-layout-flex\"><li class=\"wp-social-link wp-social-link-instagram  wp-block-social-link\"><a href=\"https:\/\/www.instagram.com\/psycho_queval\/\" class=\"wp-block-social-link-anchor\"><svg width=\"24\" height=\"24\" viewBox=\"0 0 24 24\" version=\"1.1\" xmlns=\"http:\/\/www.w3.org\/2000\/svg\" aria-hidden=\"true\" focusable=\"false\"><path d=\"M12,4.622c2.403,0,2.688,0.009,3.637,0.052c0.877,0.04,1.354,0.187,1.671,0.31c0.42,0.163,0.72,0.358,1.035,0.673 c0.315,0.315,0.51,0.615,0.673,1.035c0.123,0.317,0.27,0.794,0.31,1.671c0.043,0.949,0.052,1.234,0.052,3.637 s-0.009,2.688-0.052,3.637c-0.04,0.877-0.187,1.354-0.31,1.671c-0.163,0.42-0.358,0.72-0.673,1.035 c-0.315,0.315-0.615,0.51-1.035,0.673c-0.317,0.123-0.794,0.27-1.671,0.31c-0.949,0.043-1.233,0.052-3.637,0.052 s-2.688-0.009-3.637-0.052c-0.877-0.04-1.354-0.187-1.671-0.31c-0.42-0.163-0.72-0.358-1.035-0.673 c-0.315-0.315-0.51-0.615-0.673-1.035c-0.123-0.317-0.27-0.794-0.31-1.671C4.631,14.688,4.622,14.403,4.622,12 s0.009-2.688,0.052-3.637c0.04-0.877,0.187-1.354,0.31-1.671c0.163-0.42,0.358-0.72,0.673-1.035 c0.315-0.315,0.615-0.51,1.035-0.673c0.317-0.123,0.794-0.27,1.671-0.31C9.312,4.631,9.597,4.622,12,4.622 M12,3 C9.556,3,9.249,3.01,8.289,3.054C7.331,3.098,6.677,3.25,6.105,3.472C5.513,3.702,5.011,4.01,4.511,4.511 c-0.5,0.5-0.808,1.002-1.038,1.594C3.25,6.677,3.098,7.331,3.054,8.289C3.01,9.249,3,9.556,3,12c0,2.444,0.01,2.751,0.054,3.711 c0.044,0.958,0.196,1.612,0.418,2.185c0.23,0.592,0.538,1.094,1.038,1.594c0.5,0.5,1.002,0.808,1.594,1.038 c0.572,0.222,1.227,0.375,2.185,0.418C9.249,20.99,9.556,21,12,21s2.751-0.01,3.711-0.054c0.958-0.044,1.612-0.196,2.185-0.418 c0.592-0.23,1.094-0.538,1.594-1.038c0.5-0.5,0.808-1.002,1.038-1.594c0.222-0.572,0.375-1.227,0.418-2.185 C20.99,14.751,21,14.444,21,12s-0.01-2.751-0.054-3.711c-0.044-0.958-0.196-1.612-0.418-2.185c-0.23-0.592-0.538-1.094-1.038-1.594 c-0.5-0.5-1.002-0.808-1.594-1.038c-0.572-0.222-1.227-0.375-2.185-0.418C14.751,3.01,14.444,3,12,3L12,3z M12,7.378 c-2.552,0-4.622,2.069-4.622,4.622S9.448,16.622,12,16.622s4.622-2.069,4.622-4.622S14.552,7.378,12,7.378z M12,15 c-1.657,0-3-1.343-3-3s1.343-3,3-3s3,1.343,3,3S13.657,15,12,15z M16.804,6.116c-0.596,0-1.08,0.484-1.08,1.08 s0.484,1.08,1.08,1.08c0.596,0,1.08-0.484,1.08-1.08S17.401,6.116,16.804,6.116z\"><\/path><\/svg><span class=\"wp-block-social-link-label screen-reader-text\">Instagram<\/span><\/a><\/li>\n\n<li class=\"wp-social-link wp-social-link-linkedin  wp-block-social-link\"><a href=\"https:\/\/www.linkedin.com\/in\/laure-qu%C3%A9val-678b461a2\/\" class=\"wp-block-social-link-anchor\"><svg width=\"24\" height=\"24\" viewBox=\"0 0 24 24\" version=\"1.1\" xmlns=\"http:\/\/www.w3.org\/2000\/svg\" aria-hidden=\"true\" focusable=\"false\"><path d=\"M19.7,3H4.3C3.582,3,3,3.582,3,4.3v15.4C3,20.418,3.582,21,4.3,21h15.4c0.718,0,1.3-0.582,1.3-1.3V4.3 C21,3.582,20.418,3,19.7,3z M8.339,18.338H5.667v-8.59h2.672V18.338z M7.004,8.574c-0.857,0-1.549-0.694-1.549-1.548 c0-0.855,0.691-1.548,1.549-1.548c0.854,0,1.547,0.694,1.547,1.548C8.551,7.881,7.858,8.574,7.004,8.574z M18.339,18.338h-2.669 v-4.177c0-0.996-0.017-2.278-1.387-2.278c-1.389,0-1.601,1.086-1.601,2.206v4.249h-2.667v-8.59h2.559v1.174h0.037 c0.356-0.675,1.227-1.387,2.526-1.387c2.703,0,3.203,1.779,3.203,4.092V18.338z\"><\/path><\/svg><span class=\"wp-block-social-link-label screen-reader-text\">LinkedIn<\/span><\/a><\/li>\n\n<li class=\"wp-social-link wp-social-link-mail  wp-block-social-link\"><a href=\"https:\/\/laurequevalpsychologue.fr\/index.php\/contactez-moi\/\" class=\"wp-block-social-link-anchor\"><svg width=\"24\" height=\"24\" viewBox=\"0 0 24 24\" version=\"1.1\" xmlns=\"http:\/\/www.w3.org\/2000\/svg\" aria-hidden=\"true\" focusable=\"false\"><path d=\"M19,5H5c-1.1,0-2,.9-2,2v10c0,1.1.9,2,2,2h14c1.1,0,2-.9,2-2V7c0-1.1-.9-2-2-2zm.5,12c0,.3-.2.5-.5.5H5c-.3,0-.5-.2-.5-.5V9.8l7.5,5.6,7.5-5.6V17zm0-9.1L12,13.6,4.5,7.9V7c0-.3.2-.5.5-.5h14c.3,0,.5.2.5.5v.9z\"><\/path><\/svg><span class=\"wp-block-social-link-label screen-reader-text\">E-mail<\/span><\/a><\/li><\/ul>\n\n\n\n<p><\/p>\n\n\n\n<div class=\"wp-block-columns is-layout-flex wp-container-core-columns-is-layout-9d6595d7 wp-block-columns-is-layout-flex\">\n<div class=\"wp-block-column is-layout-flow wp-block-column-is-layout-flow\" style=\"flex-basis:25%\">\n<figure class=\"wp-block-image size-full\"><img loading=\"lazy\" decoding=\"async\" width=\"55\" height=\"55\" src=\"https:\/\/laurequevalpsychologue.fr\/wp-content\/uploads\/2025\/02\/yeuxpetits.png\" alt=\"\" class=\"wp-image-406\"\/><\/figure>\n\n\n\n<h2 class=\"wp-block-heading\">Mon parcours<\/h2>\n\n\n\n<p>Je suis psychologue clinicienne sp\u00e9cialis\u00e9e dans l&rsquo;accompagnement des adultes avec une approche <strong>TCC<\/strong> (Th\u00e9rapie Cognitivo-Comportementale) et situ\u00e9e \u00e0 Marseille. J&rsquo;ai obtenu mon dipl\u00f4me \u00e0 l&rsquo;<strong>Universit\u00e9 de Gen\u00e8ve<\/strong>, qui m&rsquo;a apport\u00e9e une approche int\u00e9grative bas\u00e9e sur les preuves scientifiques. <\/p>\n\n\n\n<details class=\"wp-block-details is-layout-flow wp-block-details-is-layout-flow\"><summary>En savoir plus<\/summary>\n<p>J\u2019ai \u00e9galement pass\u00e9 la formation \u201c<strong>D\u00e9veloppement psychologique de l\u2019enfant<\/strong>\u201d \u00e0 l\u2019Universit\u00e9 de Gen\u00e8ve. J\u2019ai pris connaissance des comp\u00e9tences pr\u00e9coces des enfants, notamment le d\u00e9veloppement de la s\u00e9curit\u00e9 affective, du contr\u00f4le de soi, des \u00e9motions, du jeu et de la cr\u00e9ativit\u00e9.&nbsp;<\/p>\n\n\n\n<p><br>De plus, j\u2019ai obtenu le dipl\u00f4me \u00ab\u00a0<strong>Genre, quels enjeux ? Violences, globalisation, biom\u00e9decine, sexualit\u00e9<\/strong>\u201d \u00e0 l\u2019Universit\u00e9 de Gen\u00e8ve. Cette formation m\u2019a sensibilis\u00e9e aux probl\u00e9matiques li\u00e9es au genre pour contextualiser les in\u00e9galit\u00e9s dans les espaces publics et les politiques li\u00e9es au genre.<\/p>\n<\/details>\n\n\n\n<p>&nbsp;<\/p>\n<\/div>\n\n\n\n<div class=\"wp-block-column is-layout-flow wp-block-column-is-layout-flow\" style=\"flex-basis:25%\">\n<figure class=\"wp-block-image size-full\"><img loading=\"lazy\" decoding=\"async\" width=\"55\" height=\"55\" src=\"https:\/\/laurequevalpsychologue.fr\/wp-content\/uploads\/2025\/02\/paysagepetit.png\" alt=\"\" class=\"wp-image-404\"\/><\/figure>\n\n\n\n<h2 class=\"wp-block-heading\">Mes techniques <\/h2>\n\n\n\n<p>Je souhaite vous aider \u00e0 am\u00e9liorer votre niveau de bien-\u00eatre au quotidien. Cela passe par un travail sur l&rsquo;<strong>affirmation de soi<\/strong>, sur l&rsquo;<strong>estime de soi<\/strong>, et sur la <strong>gestion de l&rsquo;anxi\u00e9t\u00e9<\/strong>. Mon objectif est de co-construire un projet concret qui fasse sens pour vous, afin de d\u00e9nouer les n\u0153uds qui se sont tiss\u00e9s.<\/p>\n<\/div>\n\n\n\n<div class=\"wp-block-column is-layout-flow wp-block-column-is-layout-flow\"><\/div>\n\n\n\n<div class=\"wp-block-column is-layout-flow wp-block-column-is-layout-flow\"><\/div>\n\n\n\n<div class=\"wp-block-column is-layout-flow wp-block-column-is-layout-flow\" style=\"flex-basis:25%\">\n<figure class=\"wp-block-image size-full\"><img loading=\"lazy\" decoding=\"async\" width=\"56\" height=\"55\" src=\"https:\/\/laurequevalpsychologue.fr\/wp-content\/uploads\/2025\/02\/soleilpetit.png\" alt=\"\" class=\"wp-image-405\"\/><\/figure>\n\n\n\n<h2 class=\"wp-block-heading\">Mes approches<\/h2>\n\n\n\n<p>Les <a href=\"https:\/\/laurequevalpsychologue.fr\/index.php\/approches-therapeutiques\/\">approches therapeutiques<\/a> que je propose se centrent sur le <strong>pr\u00e9sent<\/strong> (activation comportementale), mais aussi sur les liens avec votre <strong>pass\u00e9<\/strong> (traumatismes, enfance).&nbsp;<\/p>\n<\/div>\n\n\n\n<div class=\"wp-block-column is-layout-flow wp-block-column-is-layout-flow\" style=\"flex-basis:25%\">\n<figure class=\"wp-block-image size-full\"><img loading=\"lazy\" decoding=\"async\" width=\"55\" height=\"55\" src=\"https:\/\/laurequevalpsychologue.fr\/wp-content\/uploads\/2025\/02\/mamanenfantpetit.png\" alt=\"\" class=\"wp-image-403\"\/><\/figure>\n\n\n\n<h2 class=\"wp-block-heading\">Votre histoire de vie <\/h2>\n\n\n\n<p>Je prends en compte les <strong>diff\u00e9rents environnements<\/strong> (social, familial, professionnel, socio-\u00e9conomique) pour r\u00e9pondre \u00e0 vos besoins de mani\u00e8re <strong>r\u00e9aliste<\/strong> et <strong>concr\u00e8te<\/strong>.<\/p>\n<\/div>\n<\/div>\n\n\n\n<p class=\"has-text-align-center\"><strong>\u2600\ufe0f <a href=\"https:\/\/laurequevalpsychologue.fr\/index.php\/contactez-moi\/\">Vous souhaitez en savoir plus ou prendre un rendez-vous ? <\/a><\/strong><\/p>\n\n\n\n<p><\/p>\n\n\n\n<p><\/p>\n","protected":false},"excerpt":{"rendered":"<p>Laure Qu\u00e9val &#8211; Psychologue clinicienne Mon parcours Je suis psychologue clinicienne sp\u00e9cialis\u00e9e dans l&rsquo;accompagnement des adultes avec une approche TCC (Th\u00e9rapie Cognitivo-Comportementale) et situ\u00e9e \u00e0 Marseille. J&rsquo;ai obtenu mon dipl\u00f4me \u00e0 l&rsquo;Universit\u00e9 de Gen\u00e8ve, qui m&rsquo;a apport\u00e9e une approche int\u00e9grative bas\u00e9e sur les preuves scientifiques. &nbsp; Mes techniques Je souhaite vous aider \u00e0 am\u00e9liorer votre&hellip;&nbsp;<a href=\"https:\/\/laurequevalpsychologue.fr\/\" rel=\"bookmark\">Lire la suite &raquo;<span class=\"screen-reader-text\">Home<\/span><\/a><\/p>\n","protected":false},"author":1,"featured_media":0,"parent":0,"menu_order":0,"comment_status":"closed","ping_status":"closed","template":"","meta":{"neve_meta_sidebar":"","neve_meta_container":"","neve_meta_enable_content_width":"","neve_meta_content_width":0,"neve_meta_title_alignment":"","neve_meta_author_avatar":"","neve_post_elements_order":"","neve_meta_disable_header":"","neve_meta_disable_footer":"","neve_meta_disable_title":"","footnotes":""},"class_list":["post-6","page","type-page","status-publish","hentry"],"yoast_head":"<!-- This site is optimized with the Yoast SEO plugin v24.7 - https:\/\/yoast.com\/wordpress\/plugins\/seo\/ -->\n<title>Home - Laure Qu\u00e9val Psychologue<\/title>\n<meta name=\"description\" content=\"Am\u00e9liorez votre niveau de bien-\u00eatre au quotidien. Faites vous aider avec un suivi psychologique \u00e0 Marseille, dans une approche TCC.\" \/>\n<meta name=\"robots\" content=\"index, follow, max-snippet:-1, max-image-preview:large, max-video-preview:-1\" \/>\n<link rel=\"canonical\" href=\"https:\/\/laurequevalpsychologue.fr\" \/>\n<meta property=\"og:locale\" content=\"fr_FR\" \/>\n<meta property=\"og:type\" content=\"article\" \/>\n<meta property=\"og:title\" content=\"psychologue marseille\" \/>\n<meta property=\"og:description\" content=\"Am\u00e9liorez votre niveau de bien-\u00eatre au quotidien. Faites vous aider avec un suivi psychologique \u00e0 Marseille, dans une approche TCC.\" \/>\n<meta property=\"og:url\" content=\"https:\/\/laurequevalpsychologue.fr\" \/>\n<meta property=\"og:site_name\" content=\"Laure Qu\u00e9val Psychologue\" \/>\n<meta property=\"article:modified_time\" content=\"2025-04-16T19:50:26+00:00\" \/>\n<meta property=\"og:image\" content=\"http:\/\/laurequevalpsychologue.fr\/wp-content\/uploads\/2025\/02\/yeuxpetits.png\" \/>\n<meta name=\"twitter:card\" content=\"summary_large_image\" \/>\n<meta name=\"twitter:label1\" content=\"Dur\u00e9e de lecture estim\u00e9e\" \/>\n\t<meta name=\"twitter:data1\" content=\"3 minutes\" \/>\n<script type=\"application\/ld+json\" class=\"yoast-schema-graph\">{\"@context\":\"https:\/\/schema.org\",\"@graph\":[{\"@type\":[\"WebPage\",\"ProfilePage\"],\"@id\":\"https:\/\/laurequevalpsychologue.fr\/\",\"url\":\"https:\/\/laurequevalpsychologue.fr\",\"name\":\"Home - Laure Qu\u00e9val Psychologue\",\"isPartOf\":{\"@id\":\"https:\/\/laurequevalpsychologue.fr\/#website\"},\"primaryImageOfPage\":{\"@id\":\"https:\/\/laurequevalpsychologue.fr#primaryimage\"},\"image\":{\"@id\":\"https:\/\/laurequevalpsychologue.fr#primaryimage\"},\"thumbnailUrl\":\"http:\/\/laurequevalpsychologue.fr\/wp-content\/uploads\/2025\/02\/yeuxpetits.png\",\"datePublished\":\"2025-01-09T10:09:37+00:00\",\"dateModified\":\"2025-04-16T19:50:26+00:00\",\"description\":\"Am\u00e9liorez votre niveau de bien-\u00eatre au quotidien. Faites vous aider avec un suivi psychologique \u00e0 Marseille, dans une approche TCC.\",\"breadcrumb\":{\"@id\":\"https:\/\/laurequevalpsychologue.fr#breadcrumb\"},\"inLanguage\":\"fr-FR\",\"potentialAction\":[{\"@type\":\"ReadAction\",\"target\":[\"https:\/\/laurequevalpsychologue.fr\"]}]},{\"@type\":\"ImageObject\",\"inLanguage\":\"fr-FR\",\"@id\":\"https:\/\/laurequevalpsychologue.fr#primaryimage\",\"url\":\"http:\/\/laurequevalpsychologue.fr\/wp-content\/uploads\/2025\/02\/yeuxpetits.png\",\"contentUrl\":\"http:\/\/laurequevalpsychologue.fr\/wp-content\/uploads\/2025\/02\/yeuxpetits.png\"},{\"@type\":\"BreadcrumbList\",\"@id\":\"https:\/\/laurequevalpsychologue.fr#breadcrumb\",\"itemListElement\":[{\"@type\":\"ListItem\",\"position\":1,\"name\":\"Accueil\",\"item\":\"https:\/\/laurequevalpsychologue.fr\/\"},{\"@type\":\"ListItem\",\"position\":2,\"name\":\"Psychologue clinicienne Marseille\"}]},{\"@type\":\"WebSite\",\"@id\":\"https:\/\/laurequevalpsychologue.fr\/#website\",\"url\":\"https:\/\/laurequevalpsychologue.fr\/\",\"name\":\"Laure Qu\u00e9val Psychologue\",\"description\":\"Psychologue clinicienne \u00e0 Marseille\",\"publisher\":{\"@id\":\"https:\/\/laurequevalpsychologue.fr\/#organization\"},\"alternateName\":\"vous aider \u00e0 am\u00e9liorer votre niveau de bien-\u00eatre au quotidien\",\"potentialAction\":[{\"@type\":\"SearchAction\",\"target\":{\"@type\":\"EntryPoint\",\"urlTemplate\":\"https:\/\/laurequevalpsychologue.fr\/?s={search_term_string}\"},\"query-input\":{\"@type\":\"PropertyValueSpecification\",\"valueRequired\":true,\"valueName\":\"search_term_string\"}}],\"inLanguage\":\"fr-FR\"},{\"@type\":\"Organization\",\"@id\":\"https:\/\/laurequevalpsychologue.fr\/#organization\",\"name\":\"Laure Qu\u00e9val Psychologue\",\"url\":\"https:\/\/laurequevalpsychologue.fr\/\",\"logo\":{\"@type\":\"ImageObject\",\"inLanguage\":\"fr-FR\",\"@id\":\"https:\/\/laurequevalpsychologue.fr\/#\/schema\/logo\/image\/\",\"url\":\"https:\/\/laurequevalpsychologue.fr\/wp-content\/uploads\/2025\/02\/cropped-rainbow-svgrepo-com.png\",\"contentUrl\":\"https:\/\/laurequevalpsychologue.fr\/wp-content\/uploads\/2025\/02\/cropped-rainbow-svgrepo-com.png\",\"width\":512,\"height\":512,\"caption\":\"Laure Qu\u00e9val Psychologue\"},\"image\":{\"@id\":\"https:\/\/laurequevalpsychologue.fr\/#\/schema\/logo\/image\/\"},\"sameAs\":[\"https:\/\/www.instagram.com\/psycho_queval\/\",\"https:\/\/www.linkedin.com\/in\/laure-quval-678b461a2\/\"],\"mainEntityOfPage\":{\"@id\":\"https:\/\/laurequevalpsychologue.fr\/\"}}]}<\/script>\n<!-- \/ Yoast SEO plugin. -->","yoast_head_json":{"title":"Home - Laure Qu\u00e9val Psychologue","description":"Am\u00e9liorez votre niveau de bien-\u00eatre au quotidien. Faites vous aider avec un suivi psychologique \u00e0 Marseille, dans une approche TCC.","robots":{"index":"index","follow":"follow","max-snippet":"max-snippet:-1","max-image-preview":"max-image-preview:large","max-video-preview":"max-video-preview:-1"},"canonical":"https:\/\/laurequevalpsychologue.fr","og_locale":"fr_FR","og_type":"article","og_title":"psychologue marseille","og_description":"Am\u00e9liorez votre niveau de bien-\u00eatre au quotidien. Faites vous aider avec un suivi psychologique \u00e0 Marseille, dans une approche TCC.","og_url":"https:\/\/laurequevalpsychologue.fr","og_site_name":"Laure Qu\u00e9val Psychologue","article_modified_time":"2025-04-16T19:50:26+00:00","og_image":[{"url":"http:\/\/laurequevalpsychologue.fr\/wp-content\/uploads\/2025\/02\/yeuxpetits.png","type":"","width":"","height":""}],"twitter_card":"summary_large_image","twitter_misc":{"Dur\u00e9e de lecture estim\u00e9e":"3 minutes"},"schema":{"@context":"https:\/\/schema.org","@graph":[{"@type":["WebPage","ProfilePage"],"@id":"https:\/\/laurequevalpsychologue.fr\/","url":"https:\/\/laurequevalpsychologue.fr","name":"Home - Laure Qu\u00e9val Psychologue","isPartOf":{"@id":"https:\/\/laurequevalpsychologue.fr\/#website"},"primaryImageOfPage":{"@id":"https:\/\/laurequevalpsychologue.fr#primaryimage"},"image":{"@id":"https:\/\/laurequevalpsychologue.fr#primaryimage"},"thumbnailUrl":"http:\/\/laurequevalpsychologue.fr\/wp-content\/uploads\/2025\/02\/yeuxpetits.png","datePublished":"2025-01-09T10:09:37+00:00","dateModified":"2025-04-16T19:50:26+00:00","description":"Am\u00e9liorez votre niveau de bien-\u00eatre au quotidien. Faites vous aider avec un suivi psychologique \u00e0 Marseille, dans une approche TCC.","breadcrumb":{"@id":"https:\/\/laurequevalpsychologue.fr#breadcrumb"},"inLanguage":"fr-FR","potentialAction":[{"@type":"ReadAction","target":["https:\/\/laurequevalpsychologue.fr"]}]},{"@type":"ImageObject","inLanguage":"fr-FR","@id":"https:\/\/laurequevalpsychologue.fr#primaryimage","url":"http:\/\/laurequevalpsychologue.fr\/wp-content\/uploads\/2025\/02\/yeuxpetits.png","contentUrl":"http:\/\/laurequevalpsychologue.fr\/wp-content\/uploads\/2025\/02\/yeuxpetits.png"},{"@type":"BreadcrumbList","@id":"https:\/\/laurequevalpsychologue.fr#breadcrumb","itemListElement":[{"@type":"ListItem","position":1,"name":"Accueil","item":"https:\/\/laurequevalpsychologue.fr\/"},{"@type":"ListItem","position":2,"name":"Psychologue clinicienne Marseille"}]},{"@type":"WebSite","@id":"https:\/\/laurequevalpsychologue.fr\/#website","url":"https:\/\/laurequevalpsychologue.fr\/","name":"Laure Qu\u00e9val Psychologue","description":"Psychologue clinicienne \u00e0 Marseille","publisher":{"@id":"https:\/\/laurequevalpsychologue.fr\/#organization"},"alternateName":"vous aider \u00e0 am\u00e9liorer votre niveau de bien-\u00eatre au quotidien","potentialAction":[{"@type":"SearchAction","target":{"@type":"EntryPoint","urlTemplate":"https:\/\/laurequevalpsychologue.fr\/?s={search_term_string}"},"query-input":{"@type":"PropertyValueSpecification","valueRequired":true,"valueName":"search_term_string"}}],"inLanguage":"fr-FR"},{"@type":"Organization","@id":"https:\/\/laurequevalpsychologue.fr\/#organization","name":"Laure Qu\u00e9val Psychologue","url":"https:\/\/laurequevalpsychologue.fr\/","logo":{"@type":"ImageObject","inLanguage":"fr-FR","@id":"https:\/\/laurequevalpsychologue.fr\/#\/schema\/logo\/image\/","url":"https:\/\/laurequevalpsychologue.fr\/wp-content\/uploads\/2025\/02\/cropped-rainbow-svgrepo-com.png","contentUrl":"https:\/\/laurequevalpsychologue.fr\/wp-content\/uploads\/2025\/02\/cropped-rainbow-svgrepo-com.png","width":512,"height":512,"caption":"Laure Qu\u00e9val Psychologue"},"image":{"@id":"https:\/\/laurequevalpsychologue.fr\/#\/schema\/logo\/image\/"},"sameAs":["https:\/\/www.instagram.com\/psycho_queval\/","https:\/\/www.linkedin.com\/in\/laure-quval-678b461a2\/"],"mainEntityOfPage":{"@id":"https:\/\/laurequevalpsychologue.fr\/"}}]}},"_links":{"self":[{"href":"https:\/\/laurequevalpsychologue.fr\/index.php\/wp-json\/wp\/v2\/pages\/6","targetHints":{"allow":["GET"]}}],"collection":[{"href":"https:\/\/laurequevalpsychologue.fr\/index.php\/wp-json\/wp\/v2\/pages"}],"about":[{"href":"https:\/\/laurequevalpsychologue.fr\/index.php\/wp-json\/wp\/v2\/types\/page"}],"author":[{"embeddable":true,"href":"https:\/\/laurequevalpsychologue.fr\/index.php\/wp-json\/wp\/v2\/users\/1"}],"replies":[{"embeddable":true,"href":"https:\/\/laurequevalpsychologue.fr\/index.php\/wp-json\/wp\/v2\/comments?post=6"}],"version-history":[{"count":111,"href":"https:\/\/laurequevalpsychologue.fr\/index.php\/wp-json\/wp\/v2\/pages\/6\/revisions"}],"predecessor-version":[{"id":519,"href":"https:\/\/laurequevalpsychologue.fr\/index.php\/wp-json\/wp\/v2\/pages\/6\/revisions\/519"}],"wp:attachment":[{"href":"https:\/\/laurequevalpsychologue.fr\/index.php\/wp-json\/wp\/v2\/media?parent=6"}],"curies":[{"name":"wp","href":"https:\/\/api.w.org\/{rel}","templated":true}]}}